{"id":56179,"date":"2022-02-24T08:30:12","date_gmt":"2022-02-24T07:30:12","guid":{"rendered":"https:\/\/kidslicensing.com\/product\/wingman-flying-disc\/"},"modified":"2022-02-28T08:52:12","modified_gmt":"2022-02-28T07:52:12","slug":"wingman-flying-disc","status":"publish","type":"product","link":"https:\/\/kidslicensing.com\/es\/shop\/juegos-de-exterior\/wingman-flying-disc\/","title":{"rendered":"WINGMAN DISCO VOLADOR"},"content":{"rendered":"","protected":false},"excerpt":{"rendered":"<p>\u00a1Siempre a tu lado! Cuando est\u00e9s listo para volar, tienes un Wingman en el cielo. Con su dise\u00f1o aerodin\u00e1mico \u00fanico, Wingman vuela a m\u00e1s de 40 metros \/ 130 pies, y no se desv\u00eda de su curso para dejarte a ti o a tu compa\u00f1ero colgados. Como cualquier Wingman deber\u00eda. Adem\u00e1s, con su material de silicona, puedes cogerlo f\u00e1cilmente aplast\u00e1ndolo en la mano.<\/p>\n<p>&#8211; \u00a1Vuela a m\u00e1s de 40m \/ 130ft!<br \/>&#8211; Disco volador plegable de silicona<br \/>&#8211; Vuela recto como una flecha<br \/>&#8211; Cabe en el bolsillo<br \/>&#8211; Vuela en cualquier lugar, tanto en interiores como en exteriores<br \/>&#8211; Tama\u00f1o: 6 pulgadas \/ 152,4 mm<br \/>&#8211; Edades: 6+<\/p>\n","protected":false},"featured_media":46143,"comment_status":"open","ping_status":"closed","template":"","meta":[],"product_cat":[4828],"product_tag":[4829],"class_list":{"0":"post-56179","1":"product","2":"type-product","3":"status-publish","4":"has-post-thumbnail","5":"hentry","6":"product_cat-juegos-de-exterior","7":"product_tag-waboba-es","9":"entry","10":"has-media","11":"owp-thumbs-layout-horizontal","12":"owp-btn-normal","13":"owp-tabs-layout-horizontal","14":"has-no-thumbnails","15":"has-product-nav"},"_links":{"self":[{"href":"https:\/\/kidslicensing.com\/es\/wp-json\/wp\/v2\/product\/56179","targetHints":{"allow":["GET"]}}],"collection":[{"href":"https:\/\/kidslicensing.com\/es\/wp-json\/wp\/v2\/product"}],"about":[{"href":"https:\/\/kidslicensing.com\/es\/wp-json\/wp\/v2\/types\/product"}],"replies":[{"embeddable":true,"href":"https:\/\/kidslicensing.com\/es\/wp-json\/wp\/v2\/comments?post=56179"}],"version-history":[{"count":5,"href":"https:\/\/kidslicensing.com\/es\/wp-json\/wp\/v2\/product\/56179\/revisions"}],"predecessor-version":[{"id":59467,"href":"https:\/\/kidslicensing.com\/es\/wp-json\/wp\/v2\/product\/56179\/revisions\/59467"}],"wp:featuredmedia":[{"embeddable":true,"href":"https:\/\/kidslicensing.com\/es\/wp-json\/wp\/v2\/media\/46143"}],"wp:attachment":[{"href":"https:\/\/kidslicensing.com\/es\/wp-json\/wp\/v2\/media?parent=56179"}],"wp:term":[{"taxonomy":"product_cat","embeddable":true,"href":"https:\/\/kidslicensing.com\/es\/wp-json\/wp\/v2\/product_cat?post=56179"},{"taxonomy":"product_tag","embeddable":true,"href":"https:\/\/kidslicensing.com\/es\/wp-json\/wp\/v2\/product_tag?post=56179"}],"curies":[{"name":"wp","href":"https:\/\/api.w.org\/{rel}","templated":true}]}}