{"id":56181,"date":"2022-02-24T08:30:12","date_gmt":"2022-02-24T07:30:12","guid":{"rendered":"https:\/\/kidslicensing.com\/product\/thowback-paddle-set\/"},"modified":"2022-02-28T08:52:12","modified_gmt":"2022-02-28T07:52:12","slug":"thowback-paddle-set","status":"publish","type":"product","link":"https:\/\/kidslicensing.com\/es\/shop\/juegos-de-exterior\/thowback-paddle-set\/","title":{"rendered":"THOWBACK PADDLE SET"},"content":{"rendered":"","protected":false},"excerpt":{"rendered":"<p>Presentamos la nostalgia de los 90 para la nueva generaci\u00f3n. Olv\u00eddate de Internet y juega como en los viejos tiempos. Waboba Throwback reinventa el cl\u00e1sico juego de palas con velcro. En lugar de pl\u00e1stico duro y pelotas de tenis, Throwback cuenta con el planeador de velcro Waboba AIRLYFT y palas suaves. \u00a1Ve a lo largo!<br \/>Nuevo planeador AIRLYFT con velcro<\/p>\n<ul>\n<li>Vuela 30 metros \/ 100 pies<\/li>\n<li>Palas suaves y flexibles<\/li>\n<li>Correas ajustables<\/li>\n<li>Agarre de velcro de larga duraci\u00f3n<\/li>\n<li>Edades: 8+<\/li>\n<\/ul>\n","protected":false},"featured_media":46207,"comment_status":"open","ping_status":"closed","template":"","meta":[],"product_cat":[4828],"product_tag":[4829],"class_list":{"0":"post-56181","1":"product","2":"type-product","3":"status-publish","4":"has-post-thumbnail","5":"hentry","6":"product_cat-juegos-de-exterior","7":"product_tag-waboba-es","9":"entry","10":"has-media","11":"owp-thumbs-layout-horizontal","12":"owp-btn-normal","13":"owp-tabs-layout-horizontal","14":"has-no-thumbnails","15":"has-product-nav"},"_links":{"self":[{"href":"https:\/\/kidslicensing.com\/es\/wp-json\/wp\/v2\/product\/56181","targetHints":{"allow":["GET"]}}],"collection":[{"href":"https:\/\/kidslicensing.com\/es\/wp-json\/wp\/v2\/product"}],"about":[{"href":"https:\/\/kidslicensing.com\/es\/wp-json\/wp\/v2\/types\/product"}],"replies":[{"embeddable":true,"href":"https:\/\/kidslicensing.com\/es\/wp-json\/wp\/v2\/comments?post=56181"}],"version-history":[{"count":4,"href":"https:\/\/kidslicensing.com\/es\/wp-json\/wp\/v2\/product\/56181\/revisions"}],"predecessor-version":[{"id":59468,"href":"https:\/\/kidslicensing.com\/es\/wp-json\/wp\/v2\/product\/56181\/revisions\/59468"}],"wp:featuredmedia":[{"embeddable":true,"href":"https:\/\/kidslicensing.com\/es\/wp-json\/wp\/v2\/media\/46207"}],"wp:attachment":[{"href":"https:\/\/kidslicensing.com\/es\/wp-json\/wp\/v2\/media?parent=56181"}],"wp:term":[{"taxonomy":"product_cat","embeddable":true,"href":"https:\/\/kidslicensing.com\/es\/wp-json\/wp\/v2\/product_cat?post=56181"},{"taxonomy":"product_tag","embeddable":true,"href":"https:\/\/kidslicensing.com\/es\/wp-json\/wp\/v2\/product_tag?post=56181"}],"curies":[{"name":"wp","href":"https:\/\/api.w.org\/{rel}","templated":true}]}}