{"id":56183,"date":"2022-02-24T08:30:11","date_gmt":"2022-02-24T07:30:11","guid":{"rendered":"https:\/\/kidslicensing.com\/product\/airlyft-glider-toy\/"},"modified":"2022-02-28T08:52:12","modified_gmt":"2022-02-28T07:52:12","slug":"airlyft-glider-toy","status":"publish","type":"product","link":"https:\/\/kidslicensing.com\/es\/shop\/juegos-de-exterior\/airlyft-glider-toy\/","title":{"rendered":"AIRLYFT PLANEADOR"},"content":{"rendered":"","protected":false},"excerpt":{"rendered":"<p>AIRLYFT es un nuevo juguete planeador para exteriores que vuela a m\u00e1s de 30 metros \/ 100 pies! Su revolucionaria forma hueca est\u00e1 dise\u00f1ada para conseguir la m\u00e1xima elevaci\u00f3n cuando el aire pasa por el t\u00fanel. Es f\u00e1cil para cualquier persona lanzarlo alto o lejos con muchas maneras de lanzar. L\u00e1nzalo por encima o por debajo de la cabeza. L\u00e1ncelo por la cola o l\u00e1ncelo por el aro. <\/p>\n<p>&#8211; Se desliza m\u00e1s de 30 m \/ 100 pies<br \/>\n&#8211; Hecho de tela de nylon y anillo de TPE<br \/>\n&#8211; Tama\u00f1o: 8,2 pulgadas \/ 210 mm de longitud<br \/>\n&#8211; Cantidad de cajas: 16 piezas<br \/>\n&#8211; Uso interior\/exterior<br \/>\n&#8211; Edades: 6+<\/p>\n","protected":false},"featured_media":46159,"comment_status":"open","ping_status":"closed","template":"","meta":[],"product_cat":[4828],"product_tag":[4829],"class_list":{"0":"post-56183","1":"product","2":"type-product","3":"status-publish","4":"has-post-thumbnail","5":"hentry","6":"product_cat-juegos-de-exterior","7":"product_tag-waboba-es","9":"entry","10":"has-media","11":"owp-thumbs-layout-horizontal","12":"owp-btn-normal","13":"owp-tabs-layout-horizontal","14":"has-no-thumbnails","15":"has-product-nav"},"_links":{"self":[{"href":"https:\/\/kidslicensing.com\/es\/wp-json\/wp\/v2\/product\/56183","targetHints":{"allow":["GET"]}}],"collection":[{"href":"https:\/\/kidslicensing.com\/es\/wp-json\/wp\/v2\/product"}],"about":[{"href":"https:\/\/kidslicensing.com\/es\/wp-json\/wp\/v2\/types\/product"}],"replies":[{"embeddable":true,"href":"https:\/\/kidslicensing.com\/es\/wp-json\/wp\/v2\/comments?post=56183"}],"version-history":[{"count":4,"href":"https:\/\/kidslicensing.com\/es\/wp-json\/wp\/v2\/product\/56183\/revisions"}],"predecessor-version":[{"id":59469,"href":"https:\/\/kidslicensing.com\/es\/wp-json\/wp\/v2\/product\/56183\/revisions\/59469"}],"wp:featuredmedia":[{"embeddable":true,"href":"https:\/\/kidslicensing.com\/es\/wp-json\/wp\/v2\/media\/46159"}],"wp:attachment":[{"href":"https:\/\/kidslicensing.com\/es\/wp-json\/wp\/v2\/media?parent=56183"}],"wp:term":[{"taxonomy":"product_cat","embeddable":true,"href":"https:\/\/kidslicensing.com\/es\/wp-json\/wp\/v2\/product_cat?post=56183"},{"taxonomy":"product_tag","embeddable":true,"href":"https:\/\/kidslicensing.com\/es\/wp-json\/wp\/v2\/product_tag?post=56183"}],"curies":[{"name":"wp","href":"https:\/\/api.w.org\/{rel}","templated":true}]}}