{"id":56185,"date":"2022-02-24T08:30:11","date_gmt":"2022-02-24T07:30:11","guid":{"rendered":"https:\/\/kidslicensing.com\/product\/monshine-ball-hiper-bounce\/"},"modified":"2022-02-24T11:29:55","modified_gmt":"2022-02-24T10:29:55","slug":"monshine-ball-hiper-bounce","status":"publish","type":"product","link":"https:\/\/kidslicensing.com\/es\/shop\/juegos-de-exterior\/monshine-ball-hiper-bounce\/","title":{"rendered":"MONSHINE BALL HIPER BOUNCE"},"content":{"rendered":"","protected":false},"excerpt":{"rendered":"<p>\u00a1Buenas noches sol, hola Moonshine! Juega en la oscuridad, porque todas las noches hay Luna llena con Waboba Moonshine. Nuestra nueva bola lunar iluminada es un poco m\u00e1s peque\u00f1a, pero est\u00e1 a a\u00f1os luz en cuanto a diversi\u00f3n. Rebota para activar la luz.\u00a0Bola lunar iluminadaPermanece encendida durante 7 segundosCuenta con luz estrobosc\u00f3pica blancaLas pilas no son reemplazables\u00a0El mismo sonido de rebote y estallido- Edades: 5+<\/p>\n","protected":false},"featured_media":46191,"comment_status":"open","ping_status":"closed","template":"","meta":[],"product_cat":[4828],"product_tag":[4829],"class_list":{"0":"post-56185","1":"product","2":"type-product","3":"status-publish","4":"has-post-thumbnail","5":"hentry","6":"product_cat-juegos-de-exterior","7":"product_tag-waboba-es","9":"entry","10":"has-media","11":"owp-thumbs-layout-horizontal","12":"owp-btn-normal","13":"owp-tabs-layout-horizontal","14":"has-no-thumbnails","15":"has-product-nav"},"_links":{"self":[{"href":"https:\/\/kidslicensing.com\/es\/wp-json\/wp\/v2\/product\/56185","targetHints":{"allow":["GET"]}}],"collection":[{"href":"https:\/\/kidslicensing.com\/es\/wp-json\/wp\/v2\/product"}],"about":[{"href":"https:\/\/kidslicensing.com\/es\/wp-json\/wp\/v2\/types\/product"}],"replies":[{"embeddable":true,"href":"https:\/\/kidslicensing.com\/es\/wp-json\/wp\/v2\/comments?post=56185"}],"version-history":[{"count":2,"href":"https:\/\/kidslicensing.com\/es\/wp-json\/wp\/v2\/product\/56185\/revisions"}],"predecessor-version":[{"id":58022,"href":"https:\/\/kidslicensing.com\/es\/wp-json\/wp\/v2\/product\/56185\/revisions\/58022"}],"wp:featuredmedia":[{"embeddable":true,"href":"https:\/\/kidslicensing.com\/es\/wp-json\/wp\/v2\/media\/46191"}],"wp:attachment":[{"href":"https:\/\/kidslicensing.com\/es\/wp-json\/wp\/v2\/media?parent=56185"}],"wp:term":[{"taxonomy":"product_cat","embeddable":true,"href":"https:\/\/kidslicensing.com\/es\/wp-json\/wp\/v2\/product_cat?post=56185"},{"taxonomy":"product_tag","embeddable":true,"href":"https:\/\/kidslicensing.com\/es\/wp-json\/wp\/v2\/product_tag?post=56185"}],"curies":[{"name":"wp","href":"https:\/\/api.w.org\/{rel}","templated":true}]}}