{"id":56187,"date":"2022-02-24T08:30:11","date_gmt":"2022-02-24T07:30:11","guid":{"rendered":"https:\/\/kidslicensing.com\/product\/moonball-ball-hiper-bounce\/"},"modified":"2022-02-24T11:29:55","modified_gmt":"2022-02-24T10:29:55","slug":"moonball-ball-hiper-bounce","status":"publish","type":"product","link":"https:\/\/kidslicensing.com\/es\/shop\/juegos-de-exterior\/moonball-ball-hiper-bounce\/","title":{"rendered":"MOONBALL BALL HIPER BOUNCE"},"content":{"rendered":"","protected":false},"excerpt":{"rendered":"<p>Un peque\u00f1o paso para Waboba, un rebote gigante para la humanidad. Las locas caracter\u00edsticas de la Luna, que desaf\u00edan la gravedad, convertir\u00e1n un juego rutinario en una batalla campal fuera de serie en un patio de recreo, un parque de patinaje, una pista de gimnasio o un s\u00f3tano. El rebote es extremadamente adictivo. No digas que no te lo advertimos.\u00a0<br \/>\n&#8211; Bola hiperreboteadora- Hace un sonido \u00abpop\u00bb \u00fanico cuando golpea el pavimento- Rebota hasta 30 metros de altura (100 pies)- Tama\u00f1o: 63mm \/ 2.48 in- Edades: 5+<\/p>\n","protected":false},"featured_media":46183,"comment_status":"open","ping_status":"closed","template":"","meta":[],"product_cat":[4828],"product_tag":[4829],"class_list":{"0":"post-56187","1":"product","2":"type-product","3":"status-publish","4":"has-post-thumbnail","5":"hentry","6":"product_cat-juegos-de-exterior","7":"product_tag-waboba-es","9":"entry","10":"has-media","11":"owp-thumbs-layout-horizontal","12":"owp-btn-normal","13":"owp-tabs-layout-horizontal","14":"has-no-thumbnails","15":"has-product-nav"},"_links":{"self":[{"href":"https:\/\/kidslicensing.com\/es\/wp-json\/wp\/v2\/product\/56187","targetHints":{"allow":["GET"]}}],"collection":[{"href":"https:\/\/kidslicensing.com\/es\/wp-json\/wp\/v2\/product"}],"about":[{"href":"https:\/\/kidslicensing.com\/es\/wp-json\/wp\/v2\/types\/product"}],"replies":[{"embeddable":true,"href":"https:\/\/kidslicensing.com\/es\/wp-json\/wp\/v2\/comments?post=56187"}],"version-history":[{"count":2,"href":"https:\/\/kidslicensing.com\/es\/wp-json\/wp\/v2\/product\/56187\/revisions"}],"predecessor-version":[{"id":58023,"href":"https:\/\/kidslicensing.com\/es\/wp-json\/wp\/v2\/product\/56187\/revisions\/58023"}],"wp:featuredmedia":[{"embeddable":true,"href":"https:\/\/kidslicensing.com\/es\/wp-json\/wp\/v2\/media\/46183"}],"wp:attachment":[{"href":"https:\/\/kidslicensing.com\/es\/wp-json\/wp\/v2\/media?parent=56187"}],"wp:term":[{"taxonomy":"product_cat","embeddable":true,"href":"https:\/\/kidslicensing.com\/es\/wp-json\/wp\/v2\/product_cat?post=56187"},{"taxonomy":"product_tag","embeddable":true,"href":"https:\/\/kidslicensing.com\/es\/wp-json\/wp\/v2\/product_tag?post=56187"}],"curies":[{"name":"wp","href":"https:\/\/api.w.org\/{rel}","templated":true}]}}