{"id":56189,"date":"2022-02-24T08:30:11","date_gmt":"2022-02-24T07:30:11","guid":{"rendered":"https:\/\/kidslicensing.com\/product\/lava-ball-hiper-bounce\/"},"modified":"2022-02-24T10:17:27","modified_gmt":"2022-02-24T09:17:27","slug":"lava-ball-hiper-bounce","status":"publish","type":"product","link":"https:\/\/kidslicensing.com\/es\/shop\/juegos-de-exterior\/lava-ball-hiper-bounce\/","title":{"rendered":"LAVA BALL HIPER BOUNCE"},"content":{"rendered":"","protected":false},"excerpt":{"rendered":"<p>Si buscas una excusa para jugar al sol, la Lava lo es. Ll\u00e9vala al exterior y observa c\u00f3mo las grietas amarillas se convierten en rojas bajo el sol. La pelota Lava cuenta con tecnolog\u00eda de cambio de color por rayos UV, \u00a1y rebota hasta el cielo!<br \/>\n&#8211; Pelota hiperrebotante &#8211; rebota hasta el cielo\u00a0&#8211; Las grietas amarillas cambian a rojo bajo el sol- Tama\u00f1o: 63mm \/ 2.48 in- Edades: 5+<\/p>\n","protected":false},"featured_media":46199,"comment_status":"open","ping_status":"closed","template":"","meta":[],"product_cat":[4828],"product_tag":[4829],"class_list":{"0":"post-56189","1":"product","2":"type-product","3":"status-publish","4":"has-post-thumbnail","5":"hentry","6":"product_cat-juegos-de-exterior","7":"product_tag-waboba-es","9":"entry","10":"has-media","11":"owp-thumbs-layout-horizontal","12":"owp-btn-normal","13":"owp-tabs-layout-horizontal","14":"has-no-thumbnails","15":"has-product-nav"},"_links":{"self":[{"href":"https:\/\/kidslicensing.com\/es\/wp-json\/wp\/v2\/product\/56189","targetHints":{"allow":["GET"]}}],"collection":[{"href":"https:\/\/kidslicensing.com\/es\/wp-json\/wp\/v2\/product"}],"about":[{"href":"https:\/\/kidslicensing.com\/es\/wp-json\/wp\/v2\/types\/product"}],"replies":[{"embeddable":true,"href":"https:\/\/kidslicensing.com\/es\/wp-json\/wp\/v2\/comments?post=56189"}],"version-history":[{"count":2,"href":"https:\/\/kidslicensing.com\/es\/wp-json\/wp\/v2\/product\/56189\/revisions"}],"predecessor-version":[{"id":57419,"href":"https:\/\/kidslicensing.com\/es\/wp-json\/wp\/v2\/product\/56189\/revisions\/57419"}],"wp:featuredmedia":[{"embeddable":true,"href":"https:\/\/kidslicensing.com\/es\/wp-json\/wp\/v2\/media\/46199"}],"wp:attachment":[{"href":"https:\/\/kidslicensing.com\/es\/wp-json\/wp\/v2\/media?parent=56189"}],"wp:term":[{"taxonomy":"product_cat","embeddable":true,"href":"https:\/\/kidslicensing.com\/es\/wp-json\/wp\/v2\/product_cat?post=56189"},{"taxonomy":"product_tag","embeddable":true,"href":"https:\/\/kidslicensing.com\/es\/wp-json\/wp\/v2\/product_tag?post=56189"}],"curies":[{"name":"wp","href":"https:\/\/api.w.org\/{rel}","templated":true}]}}