{"id":56191,"date":"2022-02-24T08:30:11","date_gmt":"2022-02-24T07:30:11","guid":{"rendered":"https:\/\/kidslicensing.com\/product\/waboba-bouncing-on-water-ball\/"},"modified":"2022-02-28T08:52:12","modified_gmt":"2022-02-28T07:52:12","slug":"waboba-bouncing-on-water-ball","status":"publish","type":"product","link":"https:\/\/kidslicensing.com\/es\/shop\/juegos-de-exterior\/waboba-bouncing-on-water-ball\/","title":{"rendered":"WABOBA PELOTA REBOTE SOBRE AGUA"},"content":{"rendered":"","protected":false},"excerpt":{"rendered":"<p>La pelota que rebota sobre agua. Todo un cl\u00e1sico!<\/p>\n<p><br data-mce-bogus=\"1\"><\/p>\n<p>Esencial para esos d\u00edas de playa. Rebota sobre el agua como nunca visto! Funciona en oc\u00e9anos, lagos, cataratas y r\u00edos&#8230;&nbsp;&nbsp;<\/p>\n<ul>\n<li>Rebota sobre agua<\/li>\n<li>Diversion asegurada<\/li>\n<li>Edad: 7+ <\/li>\n<li>Tama\u00f1o: 2.17 in \/ 55 mm<\/li>\n<\/ul>\n<p>Referencia: WB10702_A<\/p>\n","protected":false},"featured_media":46127,"comment_status":"open","ping_status":"closed","template":"","meta":[],"product_cat":[4828],"product_tag":[4829],"class_list":{"0":"post-56191","1":"product","2":"type-product","3":"status-publish","4":"has-post-thumbnail","5":"hentry","6":"product_cat-juegos-de-exterior","7":"product_tag-waboba-es","9":"entry","10":"has-media","11":"owp-thumbs-layout-horizontal","12":"owp-btn-normal","13":"owp-tabs-layout-horizontal","14":"has-no-thumbnails","15":"has-product-nav"},"_links":{"self":[{"href":"https:\/\/kidslicensing.com\/es\/wp-json\/wp\/v2\/product\/56191","targetHints":{"allow":["GET"]}}],"collection":[{"href":"https:\/\/kidslicensing.com\/es\/wp-json\/wp\/v2\/product"}],"about":[{"href":"https:\/\/kidslicensing.com\/es\/wp-json\/wp\/v2\/types\/product"}],"replies":[{"embeddable":true,"href":"https:\/\/kidslicensing.com\/es\/wp-json\/wp\/v2\/comments?post=56191"}],"version-history":[{"count":4,"href":"https:\/\/kidslicensing.com\/es\/wp-json\/wp\/v2\/product\/56191\/revisions"}],"predecessor-version":[{"id":59470,"href":"https:\/\/kidslicensing.com\/es\/wp-json\/wp\/v2\/product\/56191\/revisions\/59470"}],"wp:featuredmedia":[{"embeddable":true,"href":"https:\/\/kidslicensing.com\/es\/wp-json\/wp\/v2\/media\/46127"}],"wp:attachment":[{"href":"https:\/\/kidslicensing.com\/es\/wp-json\/wp\/v2\/media?parent=56191"}],"wp:term":[{"taxonomy":"product_cat","embeddable":true,"href":"https:\/\/kidslicensing.com\/es\/wp-json\/wp\/v2\/product_cat?post=56191"},{"taxonomy":"product_tag","embeddable":true,"href":"https:\/\/kidslicensing.com\/es\/wp-json\/wp\/v2\/product_tag?post=56191"}],"curies":[{"name":"wp","href":"https:\/\/api.w.org\/{rel}","templated":true}]}}