{"id":56193,"date":"2022-02-24T08:30:11","date_gmt":"2022-02-24T07:30:11","guid":{"rendered":"https:\/\/kidslicensing.com\/product\/waboba-sun-bouncing-on-water-ball\/"},"modified":"2022-02-28T08:52:12","modified_gmt":"2022-02-28T07:52:12","slug":"waboba-sun-bouncing-on-water-ball","status":"publish","type":"product","link":"https:\/\/kidslicensing.com\/es\/shop\/juegos-de-exterior\/waboba-sun-bouncing-on-water-ball\/","title":{"rendered":"WABOBA SOL PELOTA REBOTE SOBRE AGUA"},"content":{"rendered":"","protected":false},"excerpt":{"rendered":"<p>SOL cambia de color al sol Y rebota en el agua. Reuniendo lo mejor de ambos mundos &#8211; Waboba SOL es una pelota de espuma con una cubierta de lycra, que la hace vers\u00e1til para cualquier entorno acu\u00e1tico. En la playa, en el lago o en la piscina, cuanto m\u00e1s agua absorbe, m\u00e1s lejos rebota.<\/p>\n<p>&#8211; Cambia de color con el sol<br \/>&#8211; Rebota en el agua<br \/>&#8211; Pelota de espuma con funda de lycra<br \/>&#8211; Ideal para la piscina, el lago o el mar<br \/>&#8211; El dise\u00f1o grande permite rebotar y atrapar f\u00e1cilmente<br \/>&#8211; Tama\u00f1o: 90 mm \/ 3.54 in<br \/>&#8211; Edades: 6+<\/p>\n","protected":false},"featured_media":46301,"comment_status":"open","ping_status":"closed","template":"","meta":[],"product_cat":[4828],"product_tag":[4829],"class_list":{"0":"post-56193","1":"product","2":"type-product","3":"status-publish","4":"has-post-thumbnail","5":"hentry","6":"product_cat-juegos-de-exterior","7":"product_tag-waboba-es","9":"entry","10":"has-media","11":"owp-thumbs-layout-horizontal","12":"owp-btn-normal","13":"owp-tabs-layout-horizontal","14":"has-no-thumbnails","15":"has-product-nav"},"_links":{"self":[{"href":"https:\/\/kidslicensing.com\/es\/wp-json\/wp\/v2\/product\/56193","targetHints":{"allow":["GET"]}}],"collection":[{"href":"https:\/\/kidslicensing.com\/es\/wp-json\/wp\/v2\/product"}],"about":[{"href":"https:\/\/kidslicensing.com\/es\/wp-json\/wp\/v2\/types\/product"}],"replies":[{"embeddable":true,"href":"https:\/\/kidslicensing.com\/es\/wp-json\/wp\/v2\/comments?post=56193"}],"version-history":[{"count":4,"href":"https:\/\/kidslicensing.com\/es\/wp-json\/wp\/v2\/product\/56193\/revisions"}],"predecessor-version":[{"id":59471,"href":"https:\/\/kidslicensing.com\/es\/wp-json\/wp\/v2\/product\/56193\/revisions\/59471"}],"wp:featuredmedia":[{"embeddable":true,"href":"https:\/\/kidslicensing.com\/es\/wp-json\/wp\/v2\/media\/46301"}],"wp:attachment":[{"href":"https:\/\/kidslicensing.com\/es\/wp-json\/wp\/v2\/media?parent=56193"}],"wp:term":[{"taxonomy":"product_cat","embeddable":true,"href":"https:\/\/kidslicensing.com\/es\/wp-json\/wp\/v2\/product_cat?post=56193"},{"taxonomy":"product_tag","embeddable":true,"href":"https:\/\/kidslicensing.com\/es\/wp-json\/wp\/v2\/product_tag?post=56193"}],"curies":[{"name":"wp","href":"https:\/\/api.w.org\/{rel}","templated":true}]}}