{"id":56195,"date":"2022-02-24T08:30:11","date_gmt":"2022-02-24T07:30:11","guid":{"rendered":"https:\/\/kidslicensing.com\/product\/hey-clay-animal-series-18-pots\/"},"modified":"2022-02-28T08:52:13","modified_gmt":"2022-02-28T07:52:13","slug":"hey-clay-animal-series-18-pots","status":"publish","type":"product","link":"https:\/\/kidslicensing.com\/es\/shop\/stationery-es\/arts-crafts-es\/hey-clay-animal-series-18-pots\/","title":{"rendered":"HEY CLAY ANIMALES SERIES 18 POTS"},"content":{"rendered":"","protected":false},"excerpt":{"rendered":"<p>Pone en marcha la nueva carrera de tu joven artista con la emoci\u00f3n salvaje y maravillosa del set Hey Clay Animals.<\/p>\n<p>Hey Clay &#8211; Animales<br \/>5 botes de arcilla de alta calidad y aplicaci\u00f3n interactiva para moldear 6 figuras de calidad profesional.<br \/>Fomenta la motricidad fina, el razonamiento espacial y la creatividad<br \/>Una introducci\u00f3n para ni\u00f1os a las t\u00e9cnicas profesionales de moldeado de arcilla<br \/>La aplicaci\u00f3n interactiva proporciona instrucciones intuitivas paso a paso<\/p>\n<p>La arcilla se seca y se endurece cuando se deja fuera durante 24 horas<\/p>\n<ul>\n<li>Incluye un c\u00f3digo de promoci\u00f3n para acceder a material exclusivo en la aplicaci\u00f3n<\/li>\n<li>La aplicaci\u00f3n se puede utilizar en varios dispositivos (tabletas y\/o tel\u00e9fonos) con la misma identificaci\u00f3n<\/li>\n<li>La arcilla no es t\u00f3xica, no contiene trigo ni gluten, no contiene frutos secos ni l\u00e1tex y no se pega a las manos<\/li>\n<li>Aplicaci\u00f3n disponible en la App Store de Apple y en Google Play<\/li>\n<\/ul>\n","protected":false},"featured_media":46071,"comment_status":"open","ping_status":"closed","template":"","meta":[],"product_cat":[983,947],"product_tag":[4833],"class_list":{"0":"post-56195","1":"product","2":"type-product","3":"status-publish","4":"has-post-thumbnail","5":"hentry","6":"product_cat-arts-crafts-es","7":"product_cat-stationery-es","8":"product_tag-hey-clay-es","10":"entry","11":"has-media","12":"owp-thumbs-layout-horizontal","13":"owp-btn-normal","14":"owp-tabs-layout-horizontal","15":"has-no-thumbnails","16":"has-product-nav"},"_links":{"self":[{"href":"https:\/\/kidslicensing.com\/es\/wp-json\/wp\/v2\/product\/56195","targetHints":{"allow":["GET"]}}],"collection":[{"href":"https:\/\/kidslicensing.com\/es\/wp-json\/wp\/v2\/product"}],"about":[{"href":"https:\/\/kidslicensing.com\/es\/wp-json\/wp\/v2\/types\/product"}],"replies":[{"embeddable":true,"href":"https:\/\/kidslicensing.com\/es\/wp-json\/wp\/v2\/comments?post=56195"}],"version-history":[{"count":4,"href":"https:\/\/kidslicensing.com\/es\/wp-json\/wp\/v2\/product\/56195\/revisions"}],"predecessor-version":[{"id":59472,"href":"https:\/\/kidslicensing.com\/es\/wp-json\/wp\/v2\/product\/56195\/revisions\/59472"}],"wp:featuredmedia":[{"embeddable":true,"href":"https:\/\/kidslicensing.com\/es\/wp-json\/wp\/v2\/media\/46071"}],"wp:attachment":[{"href":"https:\/\/kidslicensing.com\/es\/wp-json\/wp\/v2\/media?parent=56195"}],"wp:term":[{"taxonomy":"product_cat","embeddable":true,"href":"https:\/\/kidslicensing.com\/es\/wp-json\/wp\/v2\/product_cat?post=56195"},{"taxonomy":"product_tag","embeddable":true,"href":"https:\/\/kidslicensing.com\/es\/wp-json\/wp\/v2\/product_tag?post=56195"}],"curies":[{"name":"wp","href":"https:\/\/api.w.org\/{rel}","templated":true}]}}