{"id":56203,"date":"2022-02-24T08:29:43","date_gmt":"2022-02-24T07:29:43","guid":{"rendered":"https:\/\/kidslicensing.com\/product\/hey-clay-monster-series-18-pots-2\/"},"modified":"2022-02-28T08:52:13","modified_gmt":"2022-02-28T07:52:13","slug":"hey-clay-monster-series-18-pots-2","status":"publish","type":"product","link":"https:\/\/kidslicensing.com\/es\/shop\/stationery-es\/arts-crafts-es\/hey-clay-monster-series-18-pots-2\/","title":{"rendered":"HEY CLAY MONSTRUO SERIES 18 POTS"},"content":{"rendered":"","protected":false},"excerpt":{"rendered":"<p>Los 18 botes de arcilla de alta calidad incluidos en este vibrante set son suaves, ligeros, no pegajosos, no t\u00f3xicos y no manchan: perfectos para los j\u00f3venes artistas que dan su primer paso en el m\u00e1gico mundo de la creatividad con arcilla.<br \/>\nLa diversi\u00f3n comienza una vez que descargues la aplicaci\u00f3n gratuita y obtengas acceso completo utilizando el c\u00f3digo promocional incluido en la caja.Elige uno de los seis monstruos: Terry, Hipster, Pi, Cyclops, Bigwig and Donut. A continuaci\u00f3n, sigue las instrucciones interactivas en 3D paso a paso para moldearlo con maestr\u00eda, una sencilla forma cada vez.A medida que los ni\u00f1os crean, aprenden t\u00e9cnicas \u00fatiles -moldear esferas perfectas, cilindros, rasgos faciales, texturas y mucho m\u00e1s- hasta que finalmente, una vez construido el \u00faltimo modelo, \u00a1no pueden esperar a intentar inventar sus propios personajes!Pon en marcha la nueva carrera de tu joven artista con la salvaje y maravillosa emoci\u00f3n del set Hey Clay. La arcilla se seca y endurece cuando se deja al aire libre durante 24 horas: \u00a1exponga sus nuevos amigos para que todos los admiren!- La aplicaci\u00f3n se puede utilizar en varios dispositivos (tabletas y\/o tel\u00e9fonos) con el mismo ID- La arcilla no es t\u00f3xica, no contiene trigo ni gluten, no contiene frutos secos ni l\u00e1tex, no se pega a las manos<\/p>\n","protected":false},"featured_media":46111,"comment_status":"open","ping_status":"closed","template":"","meta":[],"product_cat":[983,947],"product_tag":[4833],"class_list":{"0":"post-56203","1":"product","2":"type-product","3":"status-publish","4":"has-post-thumbnail","5":"hentry","6":"product_cat-arts-crafts-es","7":"product_cat-stationery-es","8":"product_tag-hey-clay-es","10":"entry","11":"has-media","12":"owp-thumbs-layout-horizontal","13":"owp-btn-normal","14":"owp-tabs-layout-horizontal","15":"has-no-thumbnails","16":"has-product-nav"},"_links":{"self":[{"href":"https:\/\/kidslicensing.com\/es\/wp-json\/wp\/v2\/product\/56203","targetHints":{"allow":["GET"]}}],"collection":[{"href":"https:\/\/kidslicensing.com\/es\/wp-json\/wp\/v2\/product"}],"about":[{"href":"https:\/\/kidslicensing.com\/es\/wp-json\/wp\/v2\/types\/product"}],"replies":[{"embeddable":true,"href":"https:\/\/kidslicensing.com\/es\/wp-json\/wp\/v2\/comments?post=56203"}],"version-history":[{"count":3,"href":"https:\/\/kidslicensing.com\/es\/wp-json\/wp\/v2\/product\/56203\/revisions"}],"predecessor-version":[{"id":59475,"href":"https:\/\/kidslicensing.com\/es\/wp-json\/wp\/v2\/product\/56203\/revisions\/59475"}],"wp:featuredmedia":[{"embeddable":true,"href":"https:\/\/kidslicensing.com\/es\/wp-json\/wp\/v2\/media\/46111"}],"wp:attachment":[{"href":"https:\/\/kidslicensing.com\/es\/wp-json\/wp\/v2\/media?parent=56203"}],"wp:term":[{"taxonomy":"product_cat","embeddable":true,"href":"https:\/\/kidslicensing.com\/es\/wp-json\/wp\/v2\/product_cat?post=56203"},{"taxonomy":"product_tag","embeddable":true,"href":"https:\/\/kidslicensing.com\/es\/wp-json\/wp\/v2\/product_tag?post=56203"}],"curies":[{"name":"wp","href":"https:\/\/api.w.org\/{rel}","templated":true}]}}