{"id":56221,"date":"2022-02-01T10:57:26","date_gmt":"2022-02-01T09:57:26","guid":{"rendered":"https:\/\/kidslicensing.com\/product\/set-of-colouring-pencils-a3-with-6-lapices-de-colores-sweet-dreams\/"},"modified":"2022-02-24T11:29:56","modified_gmt":"2022-02-24T10:29:56","slug":"set-of-colouring-pencils-a3-with-6-lapices-de-colores-sweet-dreams","status":"publish","type":"product","link":"https:\/\/kidslicensing.com\/es\/shop\/stationery-es\/pens-pencils-es\/set-of-colouring-pencils-a3-with-6-lapices-de-colores-sweet-dreams\/","title":{"rendered":"SET DE DIBUJO A3 CON 6 LAPICES DE COLORES"},"content":{"rendered":"","protected":false},"excerpt":{"rendered":"<p>El set Frozen incluye un Reloj Digital apto para mayores de 3 a\u00f1os. La cartera est\u00e1 hecha de 100% poli\u00e9ster + PVC.Ideal para ir a la moda con un set a juego con tus complementos necesarios! <\/p>\n<p>Di\u00e1metro de la caja: 30mm<\/p>\n<p>Referencia: MV15407<\/p>\n","protected":false},"featured_media":43649,"comment_status":"open","ping_status":"closed","template":"","meta":[],"product_cat":[969,947],"product_tag":[1050],"class_list":{"0":"post-56221","1":"product","2":"type-product","3":"status-publish","4":"has-post-thumbnail","5":"hentry","6":"product_cat-pens-pencils-es","7":"product_cat-stationery-es","8":"product_tag-sweet-dreams-es","10":"entry","11":"has-media","12":"owp-thumbs-layout-horizontal","13":"owp-btn-normal","14":"owp-tabs-layout-horizontal","15":"has-product-nav"},"_links":{"self":[{"href":"https:\/\/kidslicensing.com\/es\/wp-json\/wp\/v2\/product\/56221","targetHints":{"allow":["GET"]}}],"collection":[{"href":"https:\/\/kidslicensing.com\/es\/wp-json\/wp\/v2\/product"}],"about":[{"href":"https:\/\/kidslicensing.com\/es\/wp-json\/wp\/v2\/types\/product"}],"replies":[{"embeddable":true,"href":"https:\/\/kidslicensing.com\/es\/wp-json\/wp\/v2\/comments?post=56221"}],"version-history":[{"count":3,"href":"https:\/\/kidslicensing.com\/es\/wp-json\/wp\/v2\/product\/56221\/revisions"}],"predecessor-version":[{"id":58029,"href":"https:\/\/kidslicensing.com\/es\/wp-json\/wp\/v2\/product\/56221\/revisions\/58029"}],"wp:featuredmedia":[{"embeddable":true,"href":"https:\/\/kidslicensing.com\/es\/wp-json\/wp\/v2\/media\/43649"}],"wp:attachment":[{"href":"https:\/\/kidslicensing.com\/es\/wp-json\/wp\/v2\/media?parent=56221"}],"wp:term":[{"taxonomy":"product_cat","embeddable":true,"href":"https:\/\/kidslicensing.com\/es\/wp-json\/wp\/v2\/product_cat?post=56221"},{"taxonomy":"product_tag","embeddable":true,"href":"https:\/\/kidslicensing.com\/es\/wp-json\/wp\/v2\/product_tag?post=56221"}],"curies":[{"name":"wp","href":"https:\/\/api.w.org\/{rel}","templated":true}]}}