{"id":56239,"date":"2022-02-01T10:57:22","date_gmt":"2022-02-01T09:57:22","guid":{"rendered":"https:\/\/kidslicensing.com\/product\/set-of-colours-fantasia-sweet-dreams\/"},"modified":"2022-02-28T07:57:31","modified_gmt":"2022-02-28T06:57:31","slug":"set-of-colours-fantasia-sweet-dreams","status":"publish","type":"product","link":"https:\/\/kidslicensing.com\/es\/shop\/stationery-es\/pens-pencils-es\/set-of-colours-fantasia-sweet-dreams\/","title":{"rendered":"SET DE COLORES FANTASIA SWEET DREAMS"},"content":{"rendered":"","protected":false},"excerpt":{"rendered":"<p>Sweet Dreams lanza este set de colorear para todos los amantes de los unicornios.&nbsp;<\/p>\n<p>El set de Sweet dreams incluye seis colores diferentes en una \u00fanica pieza de forma redonda para permitir f\u00e1cil uso. El set de colorear incluye 40 p\u00e1ginas con dise\u00f1os en blanco y negro del mundo de fantasias.&nbsp;<\/p>\n<p>Tendr\u00e1s total libertad para personalizar los dibujos con los colores y pegatinas que desees. Deja que la creatividad fluya al m\u00e1ximo con Sweet Dreams.<\/p>\n<p><\/p>\n","protected":false},"featured_media":43737,"comment_status":"open","ping_status":"closed","template":"","meta":[],"product_cat":[969,947],"product_tag":[1050],"class_list":{"0":"post-56239","1":"product","2":"type-product","3":"status-publish","4":"has-post-thumbnail","5":"hentry","6":"product_cat-pens-pencils-es","7":"product_cat-stationery-es","8":"product_tag-sweet-dreams-es","10":"entry","11":"has-media","12":"owp-thumbs-layout-horizontal","13":"owp-btn-normal","14":"owp-tabs-layout-horizontal","15":"has-no-thumbnails","16":"has-product-nav"},"_links":{"self":[{"href":"https:\/\/kidslicensing.com\/es\/wp-json\/wp\/v2\/product\/56239","targetHints":{"allow":["GET"]}}],"collection":[{"href":"https:\/\/kidslicensing.com\/es\/wp-json\/wp\/v2\/product"}],"about":[{"href":"https:\/\/kidslicensing.com\/es\/wp-json\/wp\/v2\/types\/product"}],"replies":[{"embeddable":true,"href":"https:\/\/kidslicensing.com\/es\/wp-json\/wp\/v2\/comments?post=56239"}],"version-history":[{"count":4,"href":"https:\/\/kidslicensing.com\/es\/wp-json\/wp\/v2\/product\/56239\/revisions"}],"predecessor-version":[{"id":59463,"href":"https:\/\/kidslicensing.com\/es\/wp-json\/wp\/v2\/product\/56239\/revisions\/59463"}],"wp:featuredmedia":[{"embeddable":true,"href":"https:\/\/kidslicensing.com\/es\/wp-json\/wp\/v2\/media\/43737"}],"wp:attachment":[{"href":"https:\/\/kidslicensing.com\/es\/wp-json\/wp\/v2\/media?parent=56239"}],"wp:term":[{"taxonomy":"product_cat","embeddable":true,"href":"https:\/\/kidslicensing.com\/es\/wp-json\/wp\/v2\/product_cat?post=56239"},{"taxonomy":"product_tag","embeddable":true,"href":"https:\/\/kidslicensing.com\/es\/wp-json\/wp\/v2\/product_tag?post=56239"}],"curies":[{"name":"wp","href":"https:\/\/api.w.org\/{rel}","templated":true}]}}