{"id":56247,"date":"2022-02-01T10:57:21","date_gmt":"2022-02-01T09:57:21","guid":{"rendered":"https:\/\/kidslicensing.com\/product\/sweet-dreams-backpack-beauty-set\/"},"modified":"2022-02-28T07:57:31","modified_gmt":"2022-02-28T06:57:31","slug":"sweet-dreams-backpack-beauty-set","status":"publish","type":"product","link":"https:\/\/kidslicensing.com\/es\/shop\/beauty-es\/beauty-sets-es\/sweet-dreams-backpack-beauty-set\/","title":{"rendered":"SET DE BELLEZA EN MOCHILA SWEET DREAMS"},"content":{"rendered":"","protected":false},"excerpt":{"rendered":"<p><br data-mce-bogus=\"1\"><\/p>\n<p>Descubre lo \u00faltimo en belleza infantil con esta mochila de cosm\u00e9tica y accesorios para cualquier momento del d\u00eda<\/p>\n<p>Incluye un surtido de labiales, labiales con purpurina, sombras de ojos con purpurina, brochas de maquillaje y mini pegatinas!.<\/p>\n<p>Adem\u00e1s, la mochila con tem\u00e1tica unicornio, lleva un cuerno de peluche brillante que har\u00e1 que destaque entre la multitud. La mochila es 100% reutilizable para la vuelta al cole o cualquier ocasi\u00f3n.<\/p>\n<p>&nbsp;<\/p>\n","protected":false},"featured_media":43465,"comment_status":"open","ping_status":"closed","template":"","meta":[],"product_cat":[829,4857],"product_tag":[1050],"class_list":{"0":"post-56247","1":"product","2":"type-product","3":"status-publish","4":"has-post-thumbnail","5":"hentry","6":"product_cat-beauty-es","7":"product_cat-beauty-sets-es","8":"product_tag-sweet-dreams-es","10":"entry","11":"has-media","12":"owp-thumbs-layout-horizontal","13":"owp-btn-normal","14":"owp-tabs-layout-horizontal","15":"has-no-thumbnails","16":"has-product-nav"},"_links":{"self":[{"href":"https:\/\/kidslicensing.com\/es\/wp-json\/wp\/v2\/product\/56247","targetHints":{"allow":["GET"]}}],"collection":[{"href":"https:\/\/kidslicensing.com\/es\/wp-json\/wp\/v2\/product"}],"about":[{"href":"https:\/\/kidslicensing.com\/es\/wp-json\/wp\/v2\/types\/product"}],"replies":[{"embeddable":true,"href":"https:\/\/kidslicensing.com\/es\/wp-json\/wp\/v2\/comments?post=56247"}],"version-history":[{"count":3,"href":"https:\/\/kidslicensing.com\/es\/wp-json\/wp\/v2\/product\/56247\/revisions"}],"predecessor-version":[{"id":59464,"href":"https:\/\/kidslicensing.com\/es\/wp-json\/wp\/v2\/product\/56247\/revisions\/59464"}],"wp:featuredmedia":[{"embeddable":true,"href":"https:\/\/kidslicensing.com\/es\/wp-json\/wp\/v2\/media\/43465"}],"wp:attachment":[{"href":"https:\/\/kidslicensing.com\/es\/wp-json\/wp\/v2\/media?parent=56247"}],"wp:term":[{"taxonomy":"product_cat","embeddable":true,"href":"https:\/\/kidslicensing.com\/es\/wp-json\/wp\/v2\/product_cat?post=56247"},{"taxonomy":"product_tag","embeddable":true,"href":"https:\/\/kidslicensing.com\/es\/wp-json\/wp\/v2\/product_tag?post=56247"}],"curies":[{"name":"wp","href":"https:\/\/api.w.org\/{rel}","templated":true}]}}