{"id":56257,"date":"2022-02-01T10:57:19","date_gmt":"2022-02-01T09:57:19","guid":{"rendered":"https:\/\/kidslicensing.com\/product\/stationery-set-set-dreams-in-pvc-bag\/"},"modified":"2023-04-05T10:44:25","modified_gmt":"2023-04-05T08:44:25","slug":"stationery-set-set-dreams-in-pvc-bag","status":"publish","type":"product","link":"https:\/\/kidslicensing.com\/es\/shop\/stationery-es\/stationery-sets-es\/stationery-set-set-dreams-in-pvc-bag\/","title":{"rendered":"SET PAPELERIA EN NECESER SWEET DREAMS"},"content":{"rendered":"","protected":false},"excerpt":{"rendered":"<p>Estuche Portatodo de Sweet Dreams ideal para la vuelta al cole. Este estuche portatodo contiene cuatro piezas esenciales para ponerse manos a la obra:&nbsp;<\/p>\n<ul>\n<li>L\u00e1piz <\/li>\n<li>Afilador <\/li>\n<li>Goma de Borrar <\/li>\n<li>Regla 15cm&nbsp;<br data-mce-bogus=\"1\"><\/li>\n<\/ul>\n<p>Su material PVC permite limpiar el producto f\u00e1cilmente. Adem\u00e1s, su dise\u00f1o es lo \u00faltimo de Frozen. \u00a1\u00fanete con tu propio set! <\/p>\n<p>Referencia: KL10877<\/p>\n","protected":false},"featured_media":43377,"comment_status":"open","ping_status":"closed","template":"","meta":[],"product_cat":[976],"product_tag":[1050],"class_list":{"0":"post-56257","1":"product","2":"type-product","3":"status-publish","4":"has-post-thumbnail","5":"hentry","6":"product_cat-stationery-sets-es","7":"product_tag-sweet-dreams-es","9":"entry","10":"has-media","11":"owp-thumbs-layout-horizontal","12":"owp-btn-normal","13":"owp-tabs-layout-horizontal","14":"has-no-thumbnails","15":"has-product-nav"},"_links":{"self":[{"href":"https:\/\/kidslicensing.com\/es\/wp-json\/wp\/v2\/product\/56257","targetHints":{"allow":["GET"]}}],"collection":[{"href":"https:\/\/kidslicensing.com\/es\/wp-json\/wp\/v2\/product"}],"about":[{"href":"https:\/\/kidslicensing.com\/es\/wp-json\/wp\/v2\/types\/product"}],"replies":[{"embeddable":true,"href":"https:\/\/kidslicensing.com\/es\/wp-json\/wp\/v2\/comments?post=56257"}],"version-history":[{"count":4,"href":"https:\/\/kidslicensing.com\/es\/wp-json\/wp\/v2\/product\/56257\/revisions"}],"predecessor-version":[{"id":59070,"href":"https:\/\/kidslicensing.com\/es\/wp-json\/wp\/v2\/product\/56257\/revisions\/59070"}],"wp:featuredmedia":[{"embeddable":true,"href":"https:\/\/kidslicensing.com\/es\/wp-json\/wp\/v2\/media\/43377"}],"wp:attachment":[{"href":"https:\/\/kidslicensing.com\/es\/wp-json\/wp\/v2\/media?parent=56257"}],"wp:term":[{"taxonomy":"product_cat","embeddable":true,"href":"https:\/\/kidslicensing.com\/es\/wp-json\/wp\/v2\/product_cat?post=56257"},{"taxonomy":"product_tag","embeddable":true,"href":"https:\/\/kidslicensing.com\/es\/wp-json\/wp\/v2\/product_tag?post=56257"}],"curies":[{"name":"wp","href":"https:\/\/api.w.org\/{rel}","templated":true}]}}