{"id":56285,"date":"2022-02-01T10:57:14","date_gmt":"2022-02-01T09:57:14","guid":{"rendered":"https:\/\/kidslicensing.com\/product\/watch-ke02-jungle\/"},"modified":"2022-02-28T05:56:05","modified_gmt":"2022-02-28T04:56:05","slug":"watch-ke02-jungle","status":"publish","type":"product","link":"https:\/\/kidslicensing.com\/es\/shop\/watches-clocks-es\/digital-watches-es\/watch-ke02-jungle\/","title":{"rendered":"RELOJ DIGITAL KE02 INTO THE JUNGLT ECO"},"content":{"rendered":"","protected":false},"excerpt":{"rendered":"<p>Descubre Reloj Digital de mu\u00f1eca de Into the Jungle. Muestra la hora en formato digital y viene con una correa ajustable, ideal para poder adaptarse al tama\u00f1o de la mu\u00f1eca de los peque\u00f1os. <\/p>\n<p>M\u00e1s all\u00e1 de ser un producto estrella, hemos mejorado este producto eliminando por completo el pl\u00e1stico su empaquetado para fortalecer nuestro compromiso con el medio ambiente. <\/p>\n<p>\u00a1Sin duda un regalo ideal para cualquier ocasi\u00f3n! <\/p>\n<p>Referencia: KL11305<\/p>\n","protected":false},"featured_media":39817,"comment_status":"open","ping_status":"closed","template":"","meta":[],"product_cat":[1032,1045],"product_tag":[4895],"class_list":{"0":"post-56285","1":"product","2":"type-product","3":"status-publish","4":"has-post-thumbnail","5":"hentry","6":"product_cat-watches-clocks-es","7":"product_cat-digital-watches-es","8":"product_tag-into-the-jungle-es","10":"entry","11":"has-media","12":"owp-thumbs-layout-horizontal","13":"owp-btn-normal","14":"owp-tabs-layout-horizontal","15":"has-product-nav"},"_links":{"self":[{"href":"https:\/\/kidslicensing.com\/es\/wp-json\/wp\/v2\/product\/56285","targetHints":{"allow":["GET"]}}],"collection":[{"href":"https:\/\/kidslicensing.com\/es\/wp-json\/wp\/v2\/product"}],"about":[{"href":"https:\/\/kidslicensing.com\/es\/wp-json\/wp\/v2\/types\/product"}],"replies":[{"embeddable":true,"href":"https:\/\/kidslicensing.com\/es\/wp-json\/wp\/v2\/comments?post=56285"}],"version-history":[{"count":4,"href":"https:\/\/kidslicensing.com\/es\/wp-json\/wp\/v2\/product\/56285\/revisions"}],"predecessor-version":[{"id":59083,"href":"https:\/\/kidslicensing.com\/es\/wp-json\/wp\/v2\/product\/56285\/revisions\/59083"}],"wp:featuredmedia":[{"embeddable":true,"href":"https:\/\/kidslicensing.com\/es\/wp-json\/wp\/v2\/media\/39817"}],"wp:attachment":[{"href":"https:\/\/kidslicensing.com\/es\/wp-json\/wp\/v2\/media?parent=56285"}],"wp:term":[{"taxonomy":"product_cat","embeddable":true,"href":"https:\/\/kidslicensing.com\/es\/wp-json\/wp\/v2\/product_cat?post=56285"},{"taxonomy":"product_tag","embeddable":true,"href":"https:\/\/kidslicensing.com\/es\/wp-json\/wp\/v2\/product_tag?post=56285"}],"curies":[{"name":"wp","href":"https:\/\/api.w.org\/{rel}","templated":true}]}}