{"id":56301,"date":"2022-02-01T10:57:11","date_gmt":"2022-02-01T09:57:11","guid":{"rendered":"https:\/\/kidslicensing.com\/product\/set-pencils-12-colours-crazy-dino\/"},"modified":"2022-02-28T05:56:06","modified_gmt":"2022-02-28T04:56:06","slug":"set-pencils-12-colours-crazy-dino","status":"publish","type":"product","link":"https:\/\/kidslicensing.com\/es\/shop\/stationery-es\/pens-pencils-es\/set-pencils-12-colours-crazy-dino\/","title":{"rendered":"SET LAPICES 12 COLORES CRAZY DINO"},"content":{"rendered":"","protected":false},"excerpt":{"rendered":"<p>Este malet\u00edn de arte de la Paw Patrol te sorprender\u00e1 con todos sus emocionantes elementos&#8230; Especialmente el bol\u00edgrafo de tinta secreta. \u00bfQui\u00e9n est\u00e1 preparado para un divertido d\u00eda de creatividad y dibujo?<\/p>\n<p>El set incluye:<\/p>\n<ul>\n<li>1 Cuaderno a rayas A5 con cerradura y llaves<\/li>\n<li>1 Mini cuaderno de espiral<\/li>\n<li>3 Hojas de pegatinas de colores de Paw Patrol<\/li>\n<li>1 Bol\u00edgrafo Pom Pom<\/li>\n<li>1 Bol\u00edgrafo de tinta secreta con luz LED para revelar tus mensajes<\/li>\n<li>Tinta para sellos<\/li>\n<li>1 Goma de borrar<\/li>\n<li>1 L\u00e1piz<\/li>\n<li>1 Sacapuntas<\/li>\n<li>1 Regla<\/li>\n<li>1 Estuche de PVC para mantener todo organizado.<\/li>\n<\/ul>\n<p>No hay excusas para un divertido d\u00eda de creatividad y coloreado!<\/p>\n<p>Referencia: PW19724<\/p>\n","protected":false},"featured_media":39529,"comment_status":"open","ping_status":"closed","template":"","meta":[],"product_cat":[969,947],"product_tag":[148],"class_list":{"0":"post-56301","1":"product","2":"type-product","3":"status-publish","4":"has-post-thumbnail","5":"hentry","6":"product_cat-pens-pencils-es","7":"product_cat-stationery-es","8":"product_tag-crazy-dino-es","10":"entry","11":"has-media","12":"owp-thumbs-layout-horizontal","13":"owp-btn-normal","14":"owp-tabs-layout-horizontal","15":"has-no-thumbnails","16":"has-product-nav"},"_links":{"self":[{"href":"https:\/\/kidslicensing.com\/es\/wp-json\/wp\/v2\/product\/56301","targetHints":{"allow":["GET"]}}],"collection":[{"href":"https:\/\/kidslicensing.com\/es\/wp-json\/wp\/v2\/product"}],"about":[{"href":"https:\/\/kidslicensing.com\/es\/wp-json\/wp\/v2\/types\/product"}],"replies":[{"embeddable":true,"href":"https:\/\/kidslicensing.com\/es\/wp-json\/wp\/v2\/comments?post=56301"}],"version-history":[{"count":4,"href":"https:\/\/kidslicensing.com\/es\/wp-json\/wp\/v2\/product\/56301\/revisions"}],"predecessor-version":[{"id":59091,"href":"https:\/\/kidslicensing.com\/es\/wp-json\/wp\/v2\/product\/56301\/revisions\/59091"}],"wp:featuredmedia":[{"embeddable":true,"href":"https:\/\/kidslicensing.com\/es\/wp-json\/wp\/v2\/media\/39529"}],"wp:attachment":[{"href":"https:\/\/kidslicensing.com\/es\/wp-json\/wp\/v2\/media?parent=56301"}],"wp:term":[{"taxonomy":"product_cat","embeddable":true,"href":"https:\/\/kidslicensing.com\/es\/wp-json\/wp\/v2\/product_cat?post=56301"},{"taxonomy":"product_tag","embeddable":true,"href":"https:\/\/kidslicensing.com\/es\/wp-json\/wp\/v2\/product_tag?post=56301"}],"curies":[{"name":"wp","href":"https:\/\/api.w.org\/{rel}","templated":true}]}}