{"id":56339,"date":"2022-02-01T10:56:50","date_gmt":"2022-02-01T09:56:50","guid":{"rendered":"https:\/\/kidslicensing.com\/product\/pokemon-3d-mug\/"},"modified":"2022-02-28T05:56:09","modified_gmt":"2022-02-28T04:56:09","slug":"pokemon-3d-mug","status":"publish","type":"product","link":"https:\/\/kidslicensing.com\/es\/shop\/homeware-es\/mugs-es\/pokemon-3d-mug\/","title":{"rendered":"TAZA 3D POKE-BALL POKEMON"},"content":{"rendered":"","protected":false},"excerpt":{"rendered":"<p>Taza 3D 15 onzas de Play Station ideal para a\u00f1adir a tu colecci\u00f3n de tazas. <\/p>\n<p>M\u00e1s all\u00e1 de la forma tradicional, tiene un dise\u00f1o llamativo en forma de Pokeball.<\/p>\n<p> \u00bfEst\u00e1s listo para adentrarte en el mundo de Pok\u00e9mon?<\/p>\n<p>Referencia: PK91799SWN<\/p>\n","protected":false},"featured_media":44273,"comment_status":"open","ping_status":"closed","template":"","meta":[],"product_cat":[878,891],"product_tag":[4935],"class_list":{"0":"post-56339","1":"product","2":"type-product","3":"status-publish","4":"has-post-thumbnail","5":"hentry","6":"product_cat-homeware-es","7":"product_cat-mugs-es","8":"product_tag-pokemon-es","10":"entry","11":"has-media","12":"owp-thumbs-layout-horizontal","13":"owp-btn-normal","14":"owp-tabs-layout-horizontal","15":"has-no-thumbnails","16":"has-product-nav"},"_links":{"self":[{"href":"https:\/\/kidslicensing.com\/es\/wp-json\/wp\/v2\/product\/56339","targetHints":{"allow":["GET"]}}],"collection":[{"href":"https:\/\/kidslicensing.com\/es\/wp-json\/wp\/v2\/product"}],"about":[{"href":"https:\/\/kidslicensing.com\/es\/wp-json\/wp\/v2\/types\/product"}],"replies":[{"embeddable":true,"href":"https:\/\/kidslicensing.com\/es\/wp-json\/wp\/v2\/comments?post=56339"}],"version-history":[{"count":4,"href":"https:\/\/kidslicensing.com\/es\/wp-json\/wp\/v2\/product\/56339\/revisions"}],"predecessor-version":[{"id":59110,"href":"https:\/\/kidslicensing.com\/es\/wp-json\/wp\/v2\/product\/56339\/revisions\/59110"}],"wp:featuredmedia":[{"embeddable":true,"href":"https:\/\/kidslicensing.com\/es\/wp-json\/wp\/v2\/media\/44273"}],"wp:attachment":[{"href":"https:\/\/kidslicensing.com\/es\/wp-json\/wp\/v2\/media?parent=56339"}],"wp:term":[{"taxonomy":"product_cat","embeddable":true,"href":"https:\/\/kidslicensing.com\/es\/wp-json\/wp\/v2\/product_cat?post=56339"},{"taxonomy":"product_tag","embeddable":true,"href":"https:\/\/kidslicensing.com\/es\/wp-json\/wp\/v2\/product_tag?post=56339"}],"curies":[{"name":"wp","href":"https:\/\/api.w.org\/{rel}","templated":true}]}}