{"id":56349,"date":"2022-02-01T10:56:49","date_gmt":"2022-02-01T09:56:49","guid":{"rendered":"https:\/\/kidslicensing.com\/product\/pokemon-poke-2\/"},"modified":"2022-02-28T05:56:10","modified_gmt":"2022-02-28T04:56:10","slug":"pokemon-poke-2","status":"publish","type":"product","link":"https:\/\/kidslicensing.com\/es\/shop\/uncategorized\/pokemon-poke-2\/","title":{"rendered":"BOTELLA PP POKE-BALL POKEMON"},"content":{"rendered":"","protected":false},"excerpt":{"rendered":"<p>Esta Botella de Harry Potter con el escudo de Hogwarts es lo \u00faltimo en tendencia por su material 100% libre de toxinas y BPA. Es un pl\u00e1stico duradero que no desprende ning\u00fan olor o sabor. <\/p>\n<p>Adem\u00e1s, su dise\u00f1o de abre f\u00e1cil ayuda a los m\u00e1s peque\u00f1os a mantenerse hidratados en todo momento. Este producto realmente garantiza la seguridad para acompa\u00f1ar durante esos d\u00edas de excursi\u00f3n.<\/p>\n<p> Es apta para introducir en el congelador y tiene una capacidad de hasta 600ml.<\/p>\n<p> \u00bfExiste mejor manera de hidratarse? <\/p>\n<p>Referencia: HP91555<\/p>\n","protected":false},"featured_media":44209,"comment_status":"open","ping_status":"closed","template":"","meta":[],"product_cat":[],"product_tag":[],"class_list":{"0":"post-56349","1":"product","2":"type-product","3":"status-publish","4":"has-post-thumbnail","5":"hentry","7":"entry","8":"has-media","9":"owp-thumbs-layout-horizontal","10":"owp-btn-normal","11":"owp-tabs-layout-horizontal","12":"has-no-thumbnails","13":"has-product-nav"},"_links":{"self":[{"href":"https:\/\/kidslicensing.com\/es\/wp-json\/wp\/v2\/product\/56349","targetHints":{"allow":["GET"]}}],"collection":[{"href":"https:\/\/kidslicensing.com\/es\/wp-json\/wp\/v2\/product"}],"about":[{"href":"https:\/\/kidslicensing.com\/es\/wp-json\/wp\/v2\/types\/product"}],"replies":[{"embeddable":true,"href":"https:\/\/kidslicensing.com\/es\/wp-json\/wp\/v2\/comments?post=56349"}],"version-history":[{"count":4,"href":"https:\/\/kidslicensing.com\/es\/wp-json\/wp\/v2\/product\/56349\/revisions"}],"predecessor-version":[{"id":59115,"href":"https:\/\/kidslicensing.com\/es\/wp-json\/wp\/v2\/product\/56349\/revisions\/59115"}],"wp:featuredmedia":[{"embeddable":true,"href":"https:\/\/kidslicensing.com\/es\/wp-json\/wp\/v2\/media\/44209"}],"wp:attachment":[{"href":"https:\/\/kidslicensing.com\/es\/wp-json\/wp\/v2\/media?parent=56349"}],"wp:term":[{"taxonomy":"product_cat","embeddable":true,"href":"https:\/\/kidslicensing.com\/es\/wp-json\/wp\/v2\/product_cat?post=56349"},{"taxonomy":"product_tag","embeddable":true,"href":"https:\/\/kidslicensing.com\/es\/wp-json\/wp\/v2\/product_tag?post=56349"}],"curies":[{"name":"wp","href":"https:\/\/api.w.org\/{rel}","templated":true}]}}