{"id":56351,"date":"2022-02-01T10:56:48","date_gmt":"2022-02-01T09:56:48","guid":{"rendered":"https:\/\/kidslicensing.com\/product\/pokemon-retro-gaming-lunch-bag\/"},"modified":"2022-02-28T05:56:10","modified_gmt":"2022-02-28T04:56:10","slug":"pokemon-retro-gaming-lunch-bag","status":"publish","type":"product","link":"https:\/\/kidslicensing.com\/es\/shop\/homeware-es\/lunch-boxes-es\/pokemon-retro-gaming-lunch-bag\/","title":{"rendered":"BOLSA DE ALMUERZO PARA JUEGOS RETRO DE POKEMON"},"content":{"rendered":"","protected":false},"excerpt":{"rendered":"<p>\u00a1Es la hora de la merienda con la Bolsa T\u00e9rmica de PlayStation! Tiene una portada con tus personajes personajes Pok\u00e9mon en acci\u00f3n. Adem\u00e1s de su fabuloso dise\u00f1o, est\u00e1 dise\u00f1ada para mantener el calor y preservar la comida caliente.<\/p>\n<p>La bolsa t\u00e9rmica est\u00e1 hecha de un textil duradero para garantizar la comodidad a toda costa.<\/p>\n<p>\u00a1Es perfecto para la vuelta al cole o esos d\u00edas de picnic!<\/p>\n<p>Referencia: PK91434ASD<\/p>\n","protected":false},"featured_media":44217,"comment_status":"open","ping_status":"closed","template":"","meta":[],"product_cat":[878,906],"product_tag":[4935],"class_list":{"0":"post-56351","1":"product","2":"type-product","3":"status-publish","4":"has-post-thumbnail","5":"hentry","6":"product_cat-homeware-es","7":"product_cat-lunch-boxes-es","8":"product_tag-pokemon-es","10":"entry","11":"has-media","12":"owp-thumbs-layout-horizontal","13":"owp-btn-normal","14":"owp-tabs-layout-horizontal","15":"has-no-thumbnails","16":"has-product-nav"},"_links":{"self":[{"href":"https:\/\/kidslicensing.com\/es\/wp-json\/wp\/v2\/product\/56351","targetHints":{"allow":["GET"]}}],"collection":[{"href":"https:\/\/kidslicensing.com\/es\/wp-json\/wp\/v2\/product"}],"about":[{"href":"https:\/\/kidslicensing.com\/es\/wp-json\/wp\/v2\/types\/product"}],"replies":[{"embeddable":true,"href":"https:\/\/kidslicensing.com\/es\/wp-json\/wp\/v2\/comments?post=56351"}],"version-history":[{"count":4,"href":"https:\/\/kidslicensing.com\/es\/wp-json\/wp\/v2\/product\/56351\/revisions"}],"predecessor-version":[{"id":59116,"href":"https:\/\/kidslicensing.com\/es\/wp-json\/wp\/v2\/product\/56351\/revisions\/59116"}],"wp:featuredmedia":[{"embeddable":true,"href":"https:\/\/kidslicensing.com\/es\/wp-json\/wp\/v2\/media\/44217"}],"wp:attachment":[{"href":"https:\/\/kidslicensing.com\/es\/wp-json\/wp\/v2\/media?parent=56351"}],"wp:term":[{"taxonomy":"product_cat","embeddable":true,"href":"https:\/\/kidslicensing.com\/es\/wp-json\/wp\/v2\/product_cat?post=56351"},{"taxonomy":"product_tag","embeddable":true,"href":"https:\/\/kidslicensing.com\/es\/wp-json\/wp\/v2\/product_tag?post=56351"}],"curies":[{"name":"wp","href":"https:\/\/api.w.org\/{rel}","templated":true}]}}