{"id":56353,"date":"2022-02-01T10:56:48","date_gmt":"2022-02-01T09:56:48","guid":{"rendered":"https:\/\/kidslicensing.com\/product\/pokemon-albany-bottle\/"},"modified":"2022-02-28T05:56:10","modified_gmt":"2022-02-28T04:56:10","slug":"pokemon-albany-bottle","status":"publish","type":"product","link":"https:\/\/kidslicensing.com\/es\/shop\/uncategorized\/pokemon-albany-bottle\/","title":{"rendered":"BOTELLA ALBANY POKEMON"},"content":{"rendered":"","protected":false},"excerpt":{"rendered":"<p>Esta Botella de Trit\u00e1n es lo \u00faltimo en tendencia por su material 100% libre de toxinas y BPA. Es un pl\u00e1stico duradero que no desprende ning\u00fan olor o sabor. Adem\u00e1s, su dise\u00f1o de abre f\u00e1cil ayuda a los m\u00e1s peque\u00f1os a mantenerse hidratados en todo momento.<\/p>\n<p>Este producto realmente garantiza la seguridad para acompa\u00f1ar durante esos d\u00edas de excursi\u00f3n. Es apta para introducir en el congelador y tiene una capacidad de hasta 500ml.<\/p>\n<p>\u00a1Consigue la tuya!<\/p>\n<p>Referencia: PK91491<\/p>\n","protected":false},"featured_media":44249,"comment_status":"open","ping_status":"closed","template":"","meta":[],"product_cat":[],"product_tag":[],"class_list":{"0":"post-56353","1":"product","2":"type-product","3":"status-publish","4":"has-post-thumbnail","5":"hentry","7":"entry","8":"has-media","9":"owp-thumbs-layout-horizontal","10":"owp-btn-normal","11":"owp-tabs-layout-horizontal","12":"has-product-nav"},"_links":{"self":[{"href":"https:\/\/kidslicensing.com\/es\/wp-json\/wp\/v2\/product\/56353","targetHints":{"allow":["GET"]}}],"collection":[{"href":"https:\/\/kidslicensing.com\/es\/wp-json\/wp\/v2\/product"}],"about":[{"href":"https:\/\/kidslicensing.com\/es\/wp-json\/wp\/v2\/types\/product"}],"replies":[{"embeddable":true,"href":"https:\/\/kidslicensing.com\/es\/wp-json\/wp\/v2\/comments?post=56353"}],"version-history":[{"count":4,"href":"https:\/\/kidslicensing.com\/es\/wp-json\/wp\/v2\/product\/56353\/revisions"}],"predecessor-version":[{"id":59117,"href":"https:\/\/kidslicensing.com\/es\/wp-json\/wp\/v2\/product\/56353\/revisions\/59117"}],"wp:featuredmedia":[{"embeddable":true,"href":"https:\/\/kidslicensing.com\/es\/wp-json\/wp\/v2\/media\/44249"}],"wp:attachment":[{"href":"https:\/\/kidslicensing.com\/es\/wp-json\/wp\/v2\/media?parent=56353"}],"wp:term":[{"taxonomy":"product_cat","embeddable":true,"href":"https:\/\/kidslicensing.com\/es\/wp-json\/wp\/v2\/product_cat?post=56353"},{"taxonomy":"product_tag","embeddable":true,"href":"https:\/\/kidslicensing.com\/es\/wp-json\/wp\/v2\/product_tag?post=56353"}],"curies":[{"name":"wp","href":"https:\/\/api.w.org\/{rel}","templated":true}]}}