{"id":56359,"date":"2022-02-01T10:56:47","date_gmt":"2022-02-01T09:56:47","guid":{"rendered":"https:\/\/kidslicensing.com\/product\/pokemon-poke\/"},"modified":"2022-02-28T05:56:11","modified_gmt":"2022-02-28T04:56:11","slug":"pokemon-poke","status":"publish","type":"product","link":"https:\/\/kidslicensing.com\/es\/shop\/homeware-es\/lunch-boxes-es\/pokemon-poke\/","title":{"rendered":"BOLSA DE ALMUERZO POKE-BALL EVA POKEMON"},"content":{"rendered":"","protected":false},"excerpt":{"rendered":"<p>Esta Bolsa t\u00e9rmica de Pok\u00e9mon es el merendero perfecto para los d\u00edas de excursi\u00f3n.<\/p>\n<p>Adem\u00e1s de su funci\u00f3n t\u00e9rmica que permite mantener su contenido en calor, es de lo m\u00e1s c\u00f3moda. La bolsa destaca por su forma redonda en forma de POKEBALL. Podr\u00e1s lucir de una mochila \u00fatil, c\u00f3moda y chula.<\/p>\n<p>\u00bfQuieres ser entrenador de Pok\u00e9mon?&nbsp;<\/p>\n<p>Referencia: PK91471ASD<\/p>\n","protected":false},"featured_media":44233,"comment_status":"open","ping_status":"closed","template":"","meta":[],"product_cat":[878,906],"product_tag":[4935],"class_list":{"0":"post-56359","1":"product","2":"type-product","3":"status-publish","4":"has-post-thumbnail","5":"hentry","6":"product_cat-homeware-es","7":"product_cat-lunch-boxes-es","8":"product_tag-pokemon-es","10":"entry","11":"has-media","12":"owp-thumbs-layout-horizontal","13":"owp-btn-normal","14":"owp-tabs-layout-horizontal","15":"has-no-thumbnails","16":"has-product-nav"},"_links":{"self":[{"href":"https:\/\/kidslicensing.com\/es\/wp-json\/wp\/v2\/product\/56359","targetHints":{"allow":["GET"]}}],"collection":[{"href":"https:\/\/kidslicensing.com\/es\/wp-json\/wp\/v2\/product"}],"about":[{"href":"https:\/\/kidslicensing.com\/es\/wp-json\/wp\/v2\/types\/product"}],"replies":[{"embeddable":true,"href":"https:\/\/kidslicensing.com\/es\/wp-json\/wp\/v2\/comments?post=56359"}],"version-history":[{"count":4,"href":"https:\/\/kidslicensing.com\/es\/wp-json\/wp\/v2\/product\/56359\/revisions"}],"predecessor-version":[{"id":59120,"href":"https:\/\/kidslicensing.com\/es\/wp-json\/wp\/v2\/product\/56359\/revisions\/59120"}],"wp:featuredmedia":[{"embeddable":true,"href":"https:\/\/kidslicensing.com\/es\/wp-json\/wp\/v2\/media\/44233"}],"wp:attachment":[{"href":"https:\/\/kidslicensing.com\/es\/wp-json\/wp\/v2\/media?parent=56359"}],"wp:term":[{"taxonomy":"product_cat","embeddable":true,"href":"https:\/\/kidslicensing.com\/es\/wp-json\/wp\/v2\/product_cat?post=56359"},{"taxonomy":"product_tag","embeddable":true,"href":"https:\/\/kidslicensing.com\/es\/wp-json\/wp\/v2\/product_tag?post=56359"}],"curies":[{"name":"wp","href":"https:\/\/api.w.org\/{rel}","templated":true}]}}