{"id":56361,"date":"2022-02-01T10:56:47","date_gmt":"2022-02-01T09:56:47","guid":{"rendered":"https:\/\/kidslicensing.com\/product\/pokemon-lunchbag-and-bottle-holder\/"},"modified":"2022-02-28T05:56:11","modified_gmt":"2022-02-28T04:56:11","slug":"pokemon-lunchbag-and-bottle-holder","status":"publish","type":"product","link":"https:\/\/kidslicensing.com\/es\/shop\/uncategorized\/pokemon-lunchbag-and-bottle-holder\/","title":{"rendered":"BOLSA DE ALMUERZO Y PORTABOTELLAS POKEMON"},"content":{"rendered":"","protected":false},"excerpt":{"rendered":"<p>\u00a1Es la hora de la merienda con la Bolsa T\u00e9rmica de Pok\u00e9mon! Tiene una portada con tu personaje Pok\u00e9mon favorito: \u00a1Pikachu!<\/p>\n<p>Adem\u00e1s de su fabuloso dise\u00f1o, est\u00e1 dise\u00f1ada para mantener el calor y preservar la comida caliente. La bolsa t\u00e9rmica est\u00e1 hecha de un textil duradero para garantizar la comodidad a toda costa. \u00a1Es perfecto para la vuelta al cole o esos d\u00edas de picnic!<\/p>\n<p>Referencia: PK91517<\/p>\n","protected":false},"featured_media":44265,"comment_status":"open","ping_status":"closed","template":"","meta":[],"product_cat":[],"product_tag":[],"class_list":{"0":"post-56361","1":"product","2":"type-product","3":"status-publish","4":"has-post-thumbnail","5":"hentry","7":"entry","8":"has-media","9":"owp-thumbs-layout-horizontal","10":"owp-btn-normal","11":"owp-tabs-layout-horizontal","12":"has-no-thumbnails","13":"has-product-nav"},"_links":{"self":[{"href":"https:\/\/kidslicensing.com\/es\/wp-json\/wp\/v2\/product\/56361","targetHints":{"allow":["GET"]}}],"collection":[{"href":"https:\/\/kidslicensing.com\/es\/wp-json\/wp\/v2\/product"}],"about":[{"href":"https:\/\/kidslicensing.com\/es\/wp-json\/wp\/v2\/types\/product"}],"replies":[{"embeddable":true,"href":"https:\/\/kidslicensing.com\/es\/wp-json\/wp\/v2\/comments?post=56361"}],"version-history":[{"count":4,"href":"https:\/\/kidslicensing.com\/es\/wp-json\/wp\/v2\/product\/56361\/revisions"}],"predecessor-version":[{"id":59121,"href":"https:\/\/kidslicensing.com\/es\/wp-json\/wp\/v2\/product\/56361\/revisions\/59121"}],"wp:featuredmedia":[{"embeddable":true,"href":"https:\/\/kidslicensing.com\/es\/wp-json\/wp\/v2\/media\/44265"}],"wp:attachment":[{"href":"https:\/\/kidslicensing.com\/es\/wp-json\/wp\/v2\/media?parent=56361"}],"wp:term":[{"taxonomy":"product_cat","embeddable":true,"href":"https:\/\/kidslicensing.com\/es\/wp-json\/wp\/v2\/product_cat?post=56361"},{"taxonomy":"product_tag","embeddable":true,"href":"https:\/\/kidslicensing.com\/es\/wp-json\/wp\/v2\/product_tag?post=56361"}],"curies":[{"name":"wp","href":"https:\/\/api.w.org\/{rel}","templated":true}]}}