{"id":56363,"date":"2022-02-01T10:56:46","date_gmt":"2022-02-01T09:56:46","guid":{"rendered":"https:\/\/kidslicensing.com\/product\/playstation-soft-touch-bottle\/"},"modified":"2022-02-28T05:56:11","modified_gmt":"2022-02-28T04:56:11","slug":"playstation-soft-touch-bottle","status":"publish","type":"product","link":"https:\/\/kidslicensing.com\/es\/shop\/uncategorized\/playstation-soft-touch-bottle\/","title":{"rendered":"BOTELLA SOFT TOUCH PLAYSTATION"},"content":{"rendered":"","protected":false},"excerpt":{"rendered":"<p>Esta Botella de Harry Potter con el escudo de Hogwarts es lo \u00faltimo en tendencia por su material 100% libre de toxinas y BPA. Es un pl\u00e1stico duradero que no desprende ning\u00fan olor o sabor.<\/p>\n<p>Adem\u00e1s, su dise\u00f1o de abre f\u00e1cil ayuda a los m\u00e1s peque\u00f1os a mantenerse hidratados en todo momento. Este producto realmente garantiza la seguridad para acompa\u00f1ar durante esos d\u00edas de excursi\u00f3n.<\/p>\n<p>Es apta para introducir en el congelador y tiene una capacidad de hasta 600ml.<\/p>\n<p>\u00bfExiste mejor manera de hidratarse?<\/p>\n<p>Referencia: HP91559<\/p>\n","protected":false},"featured_media":44313,"comment_status":"open","ping_status":"closed","template":"","meta":[],"product_cat":[],"product_tag":[],"class_list":{"0":"post-56363","1":"product","2":"type-product","3":"status-publish","4":"has-post-thumbnail","5":"hentry","7":"entry","8":"has-media","9":"owp-thumbs-layout-horizontal","10":"owp-btn-normal","11":"owp-tabs-layout-horizontal","12":"has-product-nav"},"_links":{"self":[{"href":"https:\/\/kidslicensing.com\/es\/wp-json\/wp\/v2\/product\/56363","targetHints":{"allow":["GET"]}}],"collection":[{"href":"https:\/\/kidslicensing.com\/es\/wp-json\/wp\/v2\/product"}],"about":[{"href":"https:\/\/kidslicensing.com\/es\/wp-json\/wp\/v2\/types\/product"}],"replies":[{"embeddable":true,"href":"https:\/\/kidslicensing.com\/es\/wp-json\/wp\/v2\/comments?post=56363"}],"version-history":[{"count":4,"href":"https:\/\/kidslicensing.com\/es\/wp-json\/wp\/v2\/product\/56363\/revisions"}],"predecessor-version":[{"id":59122,"href":"https:\/\/kidslicensing.com\/es\/wp-json\/wp\/v2\/product\/56363\/revisions\/59122"}],"wp:featuredmedia":[{"embeddable":true,"href":"https:\/\/kidslicensing.com\/es\/wp-json\/wp\/v2\/media\/44313"}],"wp:attachment":[{"href":"https:\/\/kidslicensing.com\/es\/wp-json\/wp\/v2\/media?parent=56363"}],"wp:term":[{"taxonomy":"product_cat","embeddable":true,"href":"https:\/\/kidslicensing.com\/es\/wp-json\/wp\/v2\/product_cat?post=56363"},{"taxonomy":"product_tag","embeddable":true,"href":"https:\/\/kidslicensing.com\/es\/wp-json\/wp\/v2\/product_tag?post=56363"}],"curies":[{"name":"wp","href":"https:\/\/api.w.org\/{rel}","templated":true}]}}