{"id":56367,"date":"2022-02-01T10:56:46","date_gmt":"2022-02-01T09:56:46","guid":{"rendered":"https:\/\/kidslicensing.com\/product\/playstation-3d-controller-mug\/"},"modified":"2022-02-28T05:56:11","modified_gmt":"2022-02-28T04:56:11","slug":"playstation-3d-controller-mug","status":"publish","type":"product","link":"https:\/\/kidslicensing.com\/es\/shop\/homeware-es\/mugs-es\/playstation-3d-controller-mug\/","title":{"rendered":"TAZA 3D CONTROLLER PLAYSTATION"},"content":{"rendered":"","protected":false},"excerpt":{"rendered":"<p>Consigue la Taza 3D con forma de Mando de PlayStation Su dise\u00f1o \u00fanico dorado es la pieza estupenda para a\u00f1adir a tu colecci\u00f3n de tazas.<\/p>\n<p>Tiene un tama\u00f1o de 15oz.<\/p>\n<p>Referencia: PLS61537<\/p>\n","protected":false},"featured_media":44281,"comment_status":"open","ping_status":"closed","template":"","meta":[],"product_cat":[878,891],"product_tag":[4947],"class_list":{"0":"post-56367","1":"product","2":"type-product","3":"status-publish","4":"has-post-thumbnail","5":"hentry","6":"product_cat-homeware-es","7":"product_cat-mugs-es","8":"product_tag-play-station-es","10":"entry","11":"has-media","12":"owp-thumbs-layout-horizontal","13":"owp-btn-normal","14":"owp-tabs-layout-horizontal","15":"has-no-thumbnails","16":"has-product-nav"},"_links":{"self":[{"href":"https:\/\/kidslicensing.com\/es\/wp-json\/wp\/v2\/product\/56367","targetHints":{"allow":["GET"]}}],"collection":[{"href":"https:\/\/kidslicensing.com\/es\/wp-json\/wp\/v2\/product"}],"about":[{"href":"https:\/\/kidslicensing.com\/es\/wp-json\/wp\/v2\/types\/product"}],"replies":[{"embeddable":true,"href":"https:\/\/kidslicensing.com\/es\/wp-json\/wp\/v2\/comments?post=56367"}],"version-history":[{"count":4,"href":"https:\/\/kidslicensing.com\/es\/wp-json\/wp\/v2\/product\/56367\/revisions"}],"predecessor-version":[{"id":59124,"href":"https:\/\/kidslicensing.com\/es\/wp-json\/wp\/v2\/product\/56367\/revisions\/59124"}],"wp:featuredmedia":[{"embeddable":true,"href":"https:\/\/kidslicensing.com\/es\/wp-json\/wp\/v2\/media\/44281"}],"wp:attachment":[{"href":"https:\/\/kidslicensing.com\/es\/wp-json\/wp\/v2\/media?parent=56367"}],"wp:term":[{"taxonomy":"product_cat","embeddable":true,"href":"https:\/\/kidslicensing.com\/es\/wp-json\/wp\/v2\/product_cat?post=56367"},{"taxonomy":"product_tag","embeddable":true,"href":"https:\/\/kidslicensing.com\/es\/wp-json\/wp\/v2\/product_tag?post=56367"}],"curies":[{"name":"wp","href":"https:\/\/api.w.org\/{rel}","templated":true}]}}