{"id":56369,"date":"2022-02-01T10:56:45","date_gmt":"2022-02-01T09:56:45","guid":{"rendered":"https:\/\/kidslicensing.com\/product\/playstation-logo-victory-water-bottle\/"},"modified":"2022-02-28T05:56:11","modified_gmt":"2022-02-28T04:56:11","slug":"playstation-logo-victory-water-bottle","status":"publish","type":"product","link":"https:\/\/kidslicensing.com\/es\/shop\/uncategorized\/playstation-logo-victory-water-bottle\/","title":{"rendered":"BOTELLA DE AGUA LOGO VICTORY PLAYSTATION"},"content":{"rendered":"","protected":false},"excerpt":{"rendered":"<p>La Botella de Pl\u00e1stico de es perfecta para mantener la hidrataci\u00f3n a todas horas. La botella est\u00e1 dise\u00f1ada con un pl\u00e1stico 100% libre de toxinas y BPA.<\/p>\n<p>Su tama\u00f1o permite hasta 100ml de l\u00edquido. Tiene un mecanismo de abre f\u00e1cil para ayudar a los m\u00e1s peque\u00f1os.<\/p>\n<p>Referencia: PLS91595VU<\/p>\n","protected":false},"featured_media":44409,"comment_status":"open","ping_status":"closed","template":"","meta":[],"product_cat":[],"product_tag":[],"class_list":{"0":"post-56369","1":"product","2":"type-product","3":"status-publish","4":"has-post-thumbnail","5":"hentry","7":"entry","8":"has-media","9":"owp-thumbs-layout-horizontal","10":"owp-btn-normal","11":"owp-tabs-layout-horizontal","12":"has-no-thumbnails","13":"has-product-nav"},"_links":{"self":[{"href":"https:\/\/kidslicensing.com\/es\/wp-json\/wp\/v2\/product\/56369","targetHints":{"allow":["GET"]}}],"collection":[{"href":"https:\/\/kidslicensing.com\/es\/wp-json\/wp\/v2\/product"}],"about":[{"href":"https:\/\/kidslicensing.com\/es\/wp-json\/wp\/v2\/types\/product"}],"replies":[{"embeddable":true,"href":"https:\/\/kidslicensing.com\/es\/wp-json\/wp\/v2\/comments?post=56369"}],"version-history":[{"count":4,"href":"https:\/\/kidslicensing.com\/es\/wp-json\/wp\/v2\/product\/56369\/revisions"}],"predecessor-version":[{"id":59125,"href":"https:\/\/kidslicensing.com\/es\/wp-json\/wp\/v2\/product\/56369\/revisions\/59125"}],"wp:featuredmedia":[{"embeddable":true,"href":"https:\/\/kidslicensing.com\/es\/wp-json\/wp\/v2\/media\/44409"}],"wp:attachment":[{"href":"https:\/\/kidslicensing.com\/es\/wp-json\/wp\/v2\/media?parent=56369"}],"wp:term":[{"taxonomy":"product_cat","embeddable":true,"href":"https:\/\/kidslicensing.com\/es\/wp-json\/wp\/v2\/product_cat?post=56369"},{"taxonomy":"product_tag","embeddable":true,"href":"https:\/\/kidslicensing.com\/es\/wp-json\/wp\/v2\/product_tag?post=56369"}],"curies":[{"name":"wp","href":"https:\/\/api.w.org\/{rel}","templated":true}]}}