{"id":56371,"date":"2022-02-01T10:56:45","date_gmt":"2022-02-01T09:56:45","guid":{"rendered":"https:\/\/kidslicensing.com\/product\/playstation-core-double-walled-stainless-steel-bottle\/"},"modified":"2022-02-28T05:56:12","modified_gmt":"2022-02-28T04:56:12","slug":"playstation-core-double-walled-stainless-steel-bottle","status":"publish","type":"product","link":"https:\/\/kidslicensing.com\/es\/shop\/uncategorized\/playstation-core-double-walled-stainless-steel-bottle\/","title":{"rendered":"BOTELLA DE ACERO INOXIDABLE DE DOBLE PARED PLAYSTATION CORE"},"content":{"rendered":"","protected":false},"excerpt":{"rendered":"<p>La Botella de Acero Inoxidable de Play Station una pieza hecha de la mejor calidad para mantener los l\u00edquidos a su temperatura ideal. Tiene una doble pared para soportar esos cambios de temperatura.<\/p>\n<p>Adem\u00e1s de sus grandes funciones, tiene un dise\u00f1o con una portada de tu consola favorita. Es suave al tacto, d\u00e1ndole una sensaci\u00f3n de muy alta calidad. Su capacidad es de hasta 600ml.<\/p>\n<p>\u00a1No te quedes si ella!<\/p>\n<p>Referencia: PLS91499<\/p>\n","protected":false},"featured_media":44393,"comment_status":"open","ping_status":"closed","template":"","meta":[],"product_cat":[],"product_tag":[],"class_list":{"0":"post-56371","1":"product","2":"type-product","3":"status-publish","4":"has-post-thumbnail","5":"hentry","7":"entry","8":"has-media","9":"owp-thumbs-layout-horizontal","10":"owp-btn-normal","11":"owp-tabs-layout-horizontal","12":"has-product-nav"},"_links":{"self":[{"href":"https:\/\/kidslicensing.com\/es\/wp-json\/wp\/v2\/product\/56371","targetHints":{"allow":["GET"]}}],"collection":[{"href":"https:\/\/kidslicensing.com\/es\/wp-json\/wp\/v2\/product"}],"about":[{"href":"https:\/\/kidslicensing.com\/es\/wp-json\/wp\/v2\/types\/product"}],"replies":[{"embeddable":true,"href":"https:\/\/kidslicensing.com\/es\/wp-json\/wp\/v2\/comments?post=56371"}],"version-history":[{"count":4,"href":"https:\/\/kidslicensing.com\/es\/wp-json\/wp\/v2\/product\/56371\/revisions"}],"predecessor-version":[{"id":59126,"href":"https:\/\/kidslicensing.com\/es\/wp-json\/wp\/v2\/product\/56371\/revisions\/59126"}],"wp:featuredmedia":[{"embeddable":true,"href":"https:\/\/kidslicensing.com\/es\/wp-json\/wp\/v2\/media\/44393"}],"wp:attachment":[{"href":"https:\/\/kidslicensing.com\/es\/wp-json\/wp\/v2\/media?parent=56371"}],"wp:term":[{"taxonomy":"product_cat","embeddable":true,"href":"https:\/\/kidslicensing.com\/es\/wp-json\/wp\/v2\/product_cat?post=56371"},{"taxonomy":"product_tag","embeddable":true,"href":"https:\/\/kidslicensing.com\/es\/wp-json\/wp\/v2\/product_tag?post=56371"}],"curies":[{"name":"wp","href":"https:\/\/api.w.org\/{rel}","templated":true}]}}