{"id":56393,"date":"2022-02-01T10:53:13","date_gmt":"2022-02-01T09:53:13","guid":{"rendered":"https:\/\/kidslicensing.com\/product\/bottle-harry-potter-kids\/"},"modified":"2022-02-28T05:56:13","modified_gmt":"2022-02-28T04:56:13","slug":"bottle-harry-potter-kids","status":"publish","type":"product","link":"https:\/\/kidslicensing.com\/es\/shop\/uncategorized\/bottle-harry-potter-kids\/","title":{"rendered":"BOTELLA HARRY POTTER KIDS"},"content":{"rendered":"","protected":false},"excerpt":{"rendered":"<p>Este surtido de tres Cantimploras de Harry Potter son lo \u00faltimo en tendencia por su material 100% libre de toxinas y BPA. Es un pl\u00e1stico duradero que no desprende ning\u00fan olor o sabor. <\/p>\n<p>Adem\u00e1s, su dise\u00f1o de abre f\u00e1cil ayuda a los m\u00e1s peque\u00f1os a mantenerse hidratados en todo momento. Este producto realmente garantiza la seguridad para acompa\u00f1ar durante esos d\u00edas de excursi\u00f3n.<\/p>\n<p> Es apta para introducir en el congelador y tiene una capacidad de hasta 500ml. <\/p>\n<p>\u00a1Consigue la tuya! <\/p>\n<p>Referencia: HP0001<\/p>\n","protected":false},"featured_media":44465,"comment_status":"open","ping_status":"closed","template":"","meta":[],"product_cat":[],"product_tag":[],"class_list":{"0":"post-56393","1":"product","2":"type-product","3":"status-publish","4":"has-post-thumbnail","5":"hentry","7":"entry","8":"has-media","9":"owp-thumbs-layout-horizontal","10":"owp-btn-normal","11":"owp-tabs-layout-horizontal","12":"has-product-nav"},"_links":{"self":[{"href":"https:\/\/kidslicensing.com\/es\/wp-json\/wp\/v2\/product\/56393","targetHints":{"allow":["GET"]}}],"collection":[{"href":"https:\/\/kidslicensing.com\/es\/wp-json\/wp\/v2\/product"}],"about":[{"href":"https:\/\/kidslicensing.com\/es\/wp-json\/wp\/v2\/types\/product"}],"replies":[{"embeddable":true,"href":"https:\/\/kidslicensing.com\/es\/wp-json\/wp\/v2\/comments?post=56393"}],"version-history":[{"count":3,"href":"https:\/\/kidslicensing.com\/es\/wp-json\/wp\/v2\/product\/56393\/revisions"}],"predecessor-version":[{"id":59137,"href":"https:\/\/kidslicensing.com\/es\/wp-json\/wp\/v2\/product\/56393\/revisions\/59137"}],"wp:featuredmedia":[{"embeddable":true,"href":"https:\/\/kidslicensing.com\/es\/wp-json\/wp\/v2\/media\/44465"}],"wp:attachment":[{"href":"https:\/\/kidslicensing.com\/es\/wp-json\/wp\/v2\/media?parent=56393"}],"wp:term":[{"taxonomy":"product_cat","embeddable":true,"href":"https:\/\/kidslicensing.com\/es\/wp-json\/wp\/v2\/product_cat?post=56393"},{"taxonomy":"product_tag","embeddable":true,"href":"https:\/\/kidslicensing.com\/es\/wp-json\/wp\/v2\/product_tag?post=56393"}],"curies":[{"name":"wp","href":"https:\/\/api.w.org\/{rel}","templated":true}]}}