{"id":56397,"date":"2022-02-01T10:53:12","date_gmt":"2022-02-01T09:53:12","guid":{"rendered":"https:\/\/kidslicensing.com\/product\/harry-potter-stainless-steel-shape-navy-gold-750ml\/"},"modified":"2022-02-28T05:56:13","modified_gmt":"2022-02-28T04:56:13","slug":"harry-potter-stainless-steel-shape-navy-gold-750ml","status":"publish","type":"product","link":"https:\/\/kidslicensing.com\/es\/shop\/uncategorized\/harry-potter-stainless-steel-shape-navy-gold-750ml\/","title":{"rendered":"BOTELLA DE ACERO INOXIDABLE AZUL MARINO\/DORADO 750ML HARRY POTTER"},"content":{"rendered":"","protected":false},"excerpt":{"rendered":"<p>La Botella de Acero Inoxidable de Harry Potter es perfecta para mantener la hidrataci\u00f3n a todas horas. La botella tiene un tacto suave, 100% libre de toxinas y BPA. Su tama\u00f1o es ideal para introducir en cualquier espacio, y permite hasta 500ml de l\u00edquido que se mantendr\u00e1 a su temperatura ideal.<\/p>\n<p>\u00a1Consigue tu modelo para unirte al mundo Hogwarts!<\/p>\n<p> Referencia: HP91497FRN<\/p>\n","protected":false},"featured_media":43905,"comment_status":"open","ping_status":"closed","template":"","meta":[],"product_cat":[],"product_tag":[],"class_list":{"0":"post-56397","1":"product","2":"type-product","3":"status-publish","4":"has-post-thumbnail","5":"hentry","7":"entry","8":"has-media","9":"owp-thumbs-layout-horizontal","10":"owp-btn-normal","11":"owp-tabs-layout-horizontal","12":"has-no-thumbnails","13":"has-product-nav"},"_links":{"self":[{"href":"https:\/\/kidslicensing.com\/es\/wp-json\/wp\/v2\/product\/56397","targetHints":{"allow":["GET"]}}],"collection":[{"href":"https:\/\/kidslicensing.com\/es\/wp-json\/wp\/v2\/product"}],"about":[{"href":"https:\/\/kidslicensing.com\/es\/wp-json\/wp\/v2\/types\/product"}],"replies":[{"embeddable":true,"href":"https:\/\/kidslicensing.com\/es\/wp-json\/wp\/v2\/comments?post=56397"}],"version-history":[{"count":3,"href":"https:\/\/kidslicensing.com\/es\/wp-json\/wp\/v2\/product\/56397\/revisions"}],"predecessor-version":[{"id":59139,"href":"https:\/\/kidslicensing.com\/es\/wp-json\/wp\/v2\/product\/56397\/revisions\/59139"}],"wp:featuredmedia":[{"embeddable":true,"href":"https:\/\/kidslicensing.com\/es\/wp-json\/wp\/v2\/media\/43905"}],"wp:attachment":[{"href":"https:\/\/kidslicensing.com\/es\/wp-json\/wp\/v2\/media?parent=56397"}],"wp:term":[{"taxonomy":"product_cat","embeddable":true,"href":"https:\/\/kidslicensing.com\/es\/wp-json\/wp\/v2\/product_cat?post=56397"},{"taxonomy":"product_tag","embeddable":true,"href":"https:\/\/kidslicensing.com\/es\/wp-json\/wp\/v2\/product_tag?post=56397"}],"curies":[{"name":"wp","href":"https:\/\/api.w.org\/{rel}","templated":true}]}}