{"id":56403,"date":"2022-02-01T10:46:10","date_gmt":"2022-02-01T09:46:10","guid":{"rendered":"https:\/\/kidslicensing.com\/product\/harry-potter-burgandy-crest-lunch-bag\/"},"modified":"2022-02-28T05:56:14","modified_gmt":"2022-02-28T04:56:14","slug":"harry-potter-burgandy-crest-lunch-bag","status":"publish","type":"product","link":"https:\/\/kidslicensing.com\/es\/shop\/homeware-es\/lunch-boxes-es\/harry-potter-burgandy-crest-lunch-bag\/","title":{"rendered":"BOLSA DE ALMUERZO CON EL ESCUDO EN COLOR BORGO\u00d1A DE HARRY POTTER"},"content":{"rendered":"","protected":false},"excerpt":{"rendered":"<p>\u00a1Es la hora de la merienda con Harry Potter! La Bolsa T\u00e9rmica tiene una portada roja con el logo de tu escuela m\u00e1gica favorita: Hogwarts. <\/p>\n<p>Adem\u00e1s de su fabuloso dise\u00f1o, est\u00e1 dise\u00f1ada para mantener el calor y preservar la comida caliente. La bolsa t\u00e9rmica est\u00e1 hecha de un textil duradero para garantizar la comodidad a toda costa. <\/p>\n<p>\u00a1Es perfecto para la vuelta al cole o esos d\u00edas de picnic!<\/p>\n<p> Referencia: HP91548<\/p>\n","protected":false},"featured_media":43929,"comment_status":"open","ping_status":"closed","template":"","meta":[],"product_cat":[878,906],"product_tag":[4962],"class_list":{"0":"post-56403","1":"product","2":"type-product","3":"status-publish","4":"has-post-thumbnail","5":"hentry","6":"product_cat-homeware-es","7":"product_cat-lunch-boxes-es","8":"product_tag-harry-potter-es","10":"entry","11":"has-media","12":"owp-thumbs-layout-horizontal","13":"owp-btn-normal","14":"owp-tabs-layout-horizontal","15":"has-no-thumbnails","16":"has-product-nav"},"_links":{"self":[{"href":"https:\/\/kidslicensing.com\/es\/wp-json\/wp\/v2\/product\/56403","targetHints":{"allow":["GET"]}}],"collection":[{"href":"https:\/\/kidslicensing.com\/es\/wp-json\/wp\/v2\/product"}],"about":[{"href":"https:\/\/kidslicensing.com\/es\/wp-json\/wp\/v2\/types\/product"}],"replies":[{"embeddable":true,"href":"https:\/\/kidslicensing.com\/es\/wp-json\/wp\/v2\/comments?post=56403"}],"version-history":[{"count":3,"href":"https:\/\/kidslicensing.com\/es\/wp-json\/wp\/v2\/product\/56403\/revisions"}],"predecessor-version":[{"id":59142,"href":"https:\/\/kidslicensing.com\/es\/wp-json\/wp\/v2\/product\/56403\/revisions\/59142"}],"wp:featuredmedia":[{"embeddable":true,"href":"https:\/\/kidslicensing.com\/es\/wp-json\/wp\/v2\/media\/43929"}],"wp:attachment":[{"href":"https:\/\/kidslicensing.com\/es\/wp-json\/wp\/v2\/media?parent=56403"}],"wp:term":[{"taxonomy":"product_cat","embeddable":true,"href":"https:\/\/kidslicensing.com\/es\/wp-json\/wp\/v2\/product_cat?post=56403"},{"taxonomy":"product_tag","embeddable":true,"href":"https:\/\/kidslicensing.com\/es\/wp-json\/wp\/v2\/product_tag?post=56403"}],"curies":[{"name":"wp","href":"https:\/\/api.w.org\/{rel}","templated":true}]}}