{"id":56407,"date":"2022-02-01T10:46:10","date_gmt":"2022-02-01T09:46:10","guid":{"rendered":"https:\/\/kidslicensing.com\/product\/harry-potter-navy-stary-egg-shape-lunch-bag\/"},"modified":"2022-02-28T05:56:14","modified_gmt":"2022-02-28T04:56:14","slug":"harry-potter-navy-stary-egg-shape-lunch-bag","status":"publish","type":"product","link":"https:\/\/kidslicensing.com\/es\/shop\/homeware-es\/lunch-boxes-es\/harry-potter-navy-stary-egg-shape-lunch-bag\/","title":{"rendered":"BOLSA DE ALMUERZO EN FORMA DE HUEVO DE NAVY STARY HARRY POTTER"},"content":{"rendered":"","protected":false},"excerpt":{"rendered":"<p>Esta Bolsa t\u00e9rmica de Harry Potter es el merendero perfecto para los d\u00edas de excursi\u00f3n. Adem\u00e1s de su funci\u00f3n t\u00e9rmica que permite mantener su contenido en calor, es de lo m\u00e1s c\u00f3moda.<\/p>\n<p> La bolsa t\u00e9rmica viene en forma de mochila con asas en la trasera para poder cargar a la espalda. <\/p>\n<p>Podr\u00e1s lucir de una mochila \u00fatil, c\u00f3moda y chula con su portada de Hogwarts en color azul. <\/p>\n<p>Referencia: HP91436ASD<\/p>\n","protected":false},"featured_media":43873,"comment_status":"open","ping_status":"closed","template":"","meta":[],"product_cat":[878,906],"product_tag":[4962],"class_list":{"0":"post-56407","1":"product","2":"type-product","3":"status-publish","4":"has-post-thumbnail","5":"hentry","6":"product_cat-homeware-es","7":"product_cat-lunch-boxes-es","8":"product_tag-harry-potter-es","10":"entry","11":"has-media","12":"owp-thumbs-layout-horizontal","13":"owp-btn-normal","14":"owp-tabs-layout-horizontal","15":"has-no-thumbnails","16":"has-product-nav"},"_links":{"self":[{"href":"https:\/\/kidslicensing.com\/es\/wp-json\/wp\/v2\/product\/56407","targetHints":{"allow":["GET"]}}],"collection":[{"href":"https:\/\/kidslicensing.com\/es\/wp-json\/wp\/v2\/product"}],"about":[{"href":"https:\/\/kidslicensing.com\/es\/wp-json\/wp\/v2\/types\/product"}],"replies":[{"embeddable":true,"href":"https:\/\/kidslicensing.com\/es\/wp-json\/wp\/v2\/comments?post=56407"}],"version-history":[{"count":3,"href":"https:\/\/kidslicensing.com\/es\/wp-json\/wp\/v2\/product\/56407\/revisions"}],"predecessor-version":[{"id":59144,"href":"https:\/\/kidslicensing.com\/es\/wp-json\/wp\/v2\/product\/56407\/revisions\/59144"}],"wp:featuredmedia":[{"embeddable":true,"href":"https:\/\/kidslicensing.com\/es\/wp-json\/wp\/v2\/media\/43873"}],"wp:attachment":[{"href":"https:\/\/kidslicensing.com\/es\/wp-json\/wp\/v2\/media?parent=56407"}],"wp:term":[{"taxonomy":"product_cat","embeddable":true,"href":"https:\/\/kidslicensing.com\/es\/wp-json\/wp\/v2\/product_cat?post=56407"},{"taxonomy":"product_tag","embeddable":true,"href":"https:\/\/kidslicensing.com\/es\/wp-json\/wp\/v2\/product_tag?post=56407"}],"curies":[{"name":"wp","href":"https:\/\/api.w.org\/{rel}","templated":true}]}}