{"id":56431,"date":"2022-02-01T10:46:05","date_gmt":"2022-02-01T09:46:05","guid":{"rendered":"https:\/\/kidslicensing.com\/product\/night-light-3d-figure-peppa-pig\/"},"modified":"2023-10-19T12:08:57","modified_gmt":"2023-10-19T10:08:57","slug":"night-light-3d-figure-peppa-pig","status":"publish","type":"product","link":"https:\/\/kidslicensing.com\/es\/shop\/lighting-es\/table-lamps-es\/night-light-3d-figure-peppa-pig\/","title":{"rendered":"LAMPARA 3D PEPPA PIG"},"content":{"rendered":"","protected":false},"excerpt":{"rendered":"<p>A\u00f1ade a tu colecci\u00f3n esta divertida L\u00e1mpara 3D con la forma del personaje Peppa Pig\u00a0\u00a0Mejora tu ambiente sustituyendo tu cl\u00e1sica l\u00e1mpara por esta figura 3D para dar a tu espacio un toque m\u00e1s encantador.<\/p>\n<p>\u00a1Es perfecta para exponerla en mesitas de noche o en estanter\u00edas! Una vez que presione el bot\u00f3n la luz permanecer\u00e1 encendida durante aproximadamente 15 minutos.<\/p>\n<p>\u00a1Es ideal para una noche de relax!<\/p>\n<p>Referencia: PP17028<\/p>\n","protected":false},"featured_media":41633,"comment_status":"open","ping_status":"closed","template":"","meta":[],"product_cat":[912,926],"product_tag":[232],"class_list":{"0":"post-56431","1":"product","2":"type-product","3":"status-publish","4":"has-post-thumbnail","5":"hentry","6":"product_cat-lighting-es","7":"product_cat-table-lamps-es","8":"product_tag-peppa-pig-es","10":"entry","11":"has-media","12":"owp-thumbs-layout-horizontal","13":"owp-btn-normal","14":"owp-tabs-layout-horizontal","15":"has-no-thumbnails","16":"has-product-nav"},"_links":{"self":[{"href":"https:\/\/kidslicensing.com\/es\/wp-json\/wp\/v2\/product\/56431","targetHints":{"allow":["GET"]}}],"collection":[{"href":"https:\/\/kidslicensing.com\/es\/wp-json\/wp\/v2\/product"}],"about":[{"href":"https:\/\/kidslicensing.com\/es\/wp-json\/wp\/v2\/types\/product"}],"replies":[{"embeddable":true,"href":"https:\/\/kidslicensing.com\/es\/wp-json\/wp\/v2\/comments?post=56431"}],"version-history":[{"count":6,"href":"https:\/\/kidslicensing.com\/es\/wp-json\/wp\/v2\/product\/56431\/revisions"}],"predecessor-version":[{"id":84743,"href":"https:\/\/kidslicensing.com\/es\/wp-json\/wp\/v2\/product\/56431\/revisions\/84743"}],"wp:featuredmedia":[{"embeddable":true,"href":"https:\/\/kidslicensing.com\/es\/wp-json\/wp\/v2\/media\/41633"}],"wp:attachment":[{"href":"https:\/\/kidslicensing.com\/es\/wp-json\/wp\/v2\/media?parent=56431"}],"wp:term":[{"taxonomy":"product_cat","embeddable":true,"href":"https:\/\/kidslicensing.com\/es\/wp-json\/wp\/v2\/product_cat?post=56431"},{"taxonomy":"product_tag","embeddable":true,"href":"https:\/\/kidslicensing.com\/es\/wp-json\/wp\/v2\/product_tag?post=56431"}],"curies":[{"name":"wp","href":"https:\/\/api.w.org\/{rel}","templated":true}]}}