{"id":56497,"date":"2022-02-01T10:22:44","date_gmt":"2022-02-01T09:22:44","guid":{"rendered":"https:\/\/kidslicensing.com\/product\/set-pencils-12-colours-paw-patrol\/"},"modified":"2022-02-28T06:12:58","modified_gmt":"2022-02-28T05:12:58","slug":"set-pencils-12-colours-paw-patrol","status":"publish","type":"product","link":"https:\/\/kidslicensing.com\/es\/shop\/stationery-es\/pens-pencils-es\/set-pencils-12-colours-paw-patrol\/","title":{"rendered":"SET LAPICES 12 COLORES PAW PATROL"},"content":{"rendered":"","protected":false},"excerpt":{"rendered":"<p>Convi\u00e9rtete en un artista con este set de l\u00e1pices de los 12 colores m\u00e1s populares. Los l\u00e1pices de colores destacan por su incre\u00edble pigmentaci\u00f3n y dise\u00f1o hologr\u00e1fico. <\/p>\n<p>Para completarlo, este set contiene una goma de borrar y un afilador. Perfectos para cualquier estuche. <\/p>\n<p>Referencia: WD21724<\/p>\n","protected":false},"featured_media":41369,"comment_status":"open","ping_status":"closed","template":"","meta":[],"product_cat":[969,947],"product_tag":[225],"class_list":{"0":"post-56497","1":"product","2":"type-product","3":"status-publish","4":"has-post-thumbnail","5":"hentry","6":"product_cat-pens-pencils-es","7":"product_cat-stationery-es","8":"product_tag-paw-patrol-es","10":"entry","11":"has-media","12":"owp-thumbs-layout-horizontal","13":"owp-btn-normal","14":"owp-tabs-layout-horizontal","15":"has-no-thumbnails","16":"has-product-nav"},"_links":{"self":[{"href":"https:\/\/kidslicensing.com\/es\/wp-json\/wp\/v2\/product\/56497","targetHints":{"allow":["GET"]}}],"collection":[{"href":"https:\/\/kidslicensing.com\/es\/wp-json\/wp\/v2\/product"}],"about":[{"href":"https:\/\/kidslicensing.com\/es\/wp-json\/wp\/v2\/types\/product"}],"replies":[{"embeddable":true,"href":"https:\/\/kidslicensing.com\/es\/wp-json\/wp\/v2\/comments?post=56497"}],"version-history":[{"count":4,"href":"https:\/\/kidslicensing.com\/es\/wp-json\/wp\/v2\/product\/56497\/revisions"}],"predecessor-version":[{"id":59346,"href":"https:\/\/kidslicensing.com\/es\/wp-json\/wp\/v2\/product\/56497\/revisions\/59346"}],"wp:featuredmedia":[{"embeddable":true,"href":"https:\/\/kidslicensing.com\/es\/wp-json\/wp\/v2\/media\/41369"}],"wp:attachment":[{"href":"https:\/\/kidslicensing.com\/es\/wp-json\/wp\/v2\/media?parent=56497"}],"wp:term":[{"taxonomy":"product_cat","embeddable":true,"href":"https:\/\/kidslicensing.com\/es\/wp-json\/wp\/v2\/product_cat?post=56497"},{"taxonomy":"product_tag","embeddable":true,"href":"https:\/\/kidslicensing.com\/es\/wp-json\/wp\/v2\/product_tag?post=56497"}],"curies":[{"name":"wp","href":"https:\/\/api.w.org\/{rel}","templated":true}]}}