{"id":56503,"date":"2022-02-01T10:22:24","date_gmt":"2022-02-01T09:22:24","guid":{"rendered":"https:\/\/kidslicensing.com\/product\/papaw-patrol-pencil-case-22cm\/"},"modified":"2022-02-28T06:12:59","modified_gmt":"2022-02-28T05:12:59","slug":"papaw-patrol-pencil-case-22cm","status":"publish","type":"product","link":"https:\/\/kidslicensing.com\/es\/shop\/bags-backpacks-es\/pencil-cases-es\/papaw-patrol-pencil-case-22cm\/","title":{"rendered":"ESTUCHE 22CM PAW PATROL"},"content":{"rendered":"","protected":false},"excerpt":{"rendered":"<p>\u00a1Estuche de la Patrulla Canina de tres compartimentos que te permitir\u00e1 separar todos tus bol\u00edgrafos, l\u00e1pices, reglas, goma y mucho m\u00e1s!<\/p>\n<p> Est\u00e1 dise\u00f1ado para que quepan todos los elementos de papeler\u00eda esenciales de forma bonita y ordenada.<\/p>\n<p> Tama\u00f1o 12x19x6cm. <\/p>\n<p>Referencia: PA19813<\/p>\n","protected":false},"featured_media":41041,"comment_status":"open","ping_status":"closed","template":"","meta":[],"product_cat":[794,815],"product_tag":[225],"class_list":{"0":"post-56503","1":"product","2":"type-product","3":"status-publish","4":"has-post-thumbnail","5":"hentry","6":"product_cat-bags-backpacks-es","7":"product_cat-pencil-cases-es","8":"product_tag-paw-patrol-es","10":"entry","11":"has-media","12":"owp-thumbs-layout-horizontal","13":"owp-btn-normal","14":"owp-tabs-layout-horizontal","15":"has-no-thumbnails","16":"has-product-nav"},"_links":{"self":[{"href":"https:\/\/kidslicensing.com\/es\/wp-json\/wp\/v2\/product\/56503","targetHints":{"allow":["GET"]}}],"collection":[{"href":"https:\/\/kidslicensing.com\/es\/wp-json\/wp\/v2\/product"}],"about":[{"href":"https:\/\/kidslicensing.com\/es\/wp-json\/wp\/v2\/types\/product"}],"replies":[{"embeddable":true,"href":"https:\/\/kidslicensing.com\/es\/wp-json\/wp\/v2\/comments?post=56503"}],"version-history":[{"count":4,"href":"https:\/\/kidslicensing.com\/es\/wp-json\/wp\/v2\/product\/56503\/revisions"}],"predecessor-version":[{"id":59349,"href":"https:\/\/kidslicensing.com\/es\/wp-json\/wp\/v2\/product\/56503\/revisions\/59349"}],"wp:featuredmedia":[{"embeddable":true,"href":"https:\/\/kidslicensing.com\/es\/wp-json\/wp\/v2\/media\/41041"}],"wp:attachment":[{"href":"https:\/\/kidslicensing.com\/es\/wp-json\/wp\/v2\/media?parent=56503"}],"wp:term":[{"taxonomy":"product_cat","embeddable":true,"href":"https:\/\/kidslicensing.com\/es\/wp-json\/wp\/v2\/product_cat?post=56503"},{"taxonomy":"product_tag","embeddable":true,"href":"https:\/\/kidslicensing.com\/es\/wp-json\/wp\/v2\/product_tag?post=56503"}],"curies":[{"name":"wp","href":"https:\/\/api.w.org\/{rel}","templated":true}]}}