{"id":56509,"date":"2022-02-01T10:22:23","date_gmt":"2022-02-01T09:22:23","guid":{"rendered":"https:\/\/kidslicensing.com\/product\/paw-patrol-led-torch\/"},"modified":"2022-02-28T06:12:59","modified_gmt":"2022-02-28T05:12:59","slug":"paw-patrol-led-torch","status":"publish","type":"product","link":"https:\/\/kidslicensing.com\/es\/shop\/lighting-es\/torches-es\/paw-patrol-led-torch\/","title":{"rendered":"LINTERNA 9 LEDS PAW PATROL"},"content":{"rendered":"","protected":false},"excerpt":{"rendered":"<p>Esta linterna LED de pl\u00e1stico es un regalo perfecto para las aventuras nocturnas con los ni\u00f1os.&nbsp;&nbsp;Es vers\u00e1til y se puede utilizar tanto en interiores como en exteriores en cualquier ocasi\u00f3n.<\/p>\n<p>La linterna se puede utilizar con fines educativos cuando se realizan experimentos b\u00e1sicos con la luz.&nbsp;&nbsp;La linterna tiene un bonito dise\u00f1o de la Patrulla Canina e incluye un cord\u00f3n corto a juego para llevarla en la mu\u00f1eca y evitar que se caiga.<\/p>\n<p>\u00a1Que empiece la aventura!<\/p>\n<p>Referencia: PW19884<\/p>\n","protected":false},"featured_media":41601,"comment_status":"open","ping_status":"closed","template":"","meta":[],"product_cat":[912,933],"product_tag":[225],"class_list":{"0":"post-56509","1":"product","2":"type-product","3":"status-publish","4":"has-post-thumbnail","5":"hentry","6":"product_cat-lighting-es","7":"product_cat-torches-es","8":"product_tag-paw-patrol-es","10":"entry","11":"has-media","12":"owp-thumbs-layout-horizontal","13":"owp-btn-normal","14":"owp-tabs-layout-horizontal","15":"has-product-nav"},"_links":{"self":[{"href":"https:\/\/kidslicensing.com\/es\/wp-json\/wp\/v2\/product\/56509","targetHints":{"allow":["GET"]}}],"collection":[{"href":"https:\/\/kidslicensing.com\/es\/wp-json\/wp\/v2\/product"}],"about":[{"href":"https:\/\/kidslicensing.com\/es\/wp-json\/wp\/v2\/types\/product"}],"replies":[{"embeddable":true,"href":"https:\/\/kidslicensing.com\/es\/wp-json\/wp\/v2\/comments?post=56509"}],"version-history":[{"count":4,"href":"https:\/\/kidslicensing.com\/es\/wp-json\/wp\/v2\/product\/56509\/revisions"}],"predecessor-version":[{"id":59352,"href":"https:\/\/kidslicensing.com\/es\/wp-json\/wp\/v2\/product\/56509\/revisions\/59352"}],"wp:featuredmedia":[{"embeddable":true,"href":"https:\/\/kidslicensing.com\/es\/wp-json\/wp\/v2\/media\/41601"}],"wp:attachment":[{"href":"https:\/\/kidslicensing.com\/es\/wp-json\/wp\/v2\/media?parent=56509"}],"wp:term":[{"taxonomy":"product_cat","embeddable":true,"href":"https:\/\/kidslicensing.com\/es\/wp-json\/wp\/v2\/product_cat?post=56509"},{"taxonomy":"product_tag","embeddable":true,"href":"https:\/\/kidslicensing.com\/es\/wp-json\/wp\/v2\/product_tag?post=56509"}],"curies":[{"name":"wp","href":"https:\/\/api.w.org\/{rel}","templated":true}]}}