{"id":56521,"date":"2022-02-01T10:22:21","date_gmt":"2022-02-01T09:22:21","guid":{"rendered":"https:\/\/kidslicensing.com\/product\/watch-ke02-paw-patrol\/"},"modified":"2022-02-28T06:13:00","modified_gmt":"2022-02-28T05:13:00","slug":"watch-ke02-paw-patrol","status":"publish","type":"product","link":"https:\/\/kidslicensing.com\/es\/shop\/watches-clocks-es\/digital-watches-es\/watch-ke02-paw-patrol\/","title":{"rendered":"RELOJ DIGITAL KE02 PAW PATROL ECO"},"content":{"rendered":"","protected":false},"excerpt":{"rendered":"<p>Descubre Reloj Digital de mu\u00f1eca de la Patrulla Canina.<\/p>\n<p>Muestra la hora en formato digital y viene con una correa ajustable, ideal para poder adaptarse al tama\u00f1o de la mu\u00f1eca de los peque\u00f1os. M\u00e1s all\u00e1 de ser un producto estrella, hemos mejorado este producto eliminando por completo el pl\u00e1stico su empaquetado para fortalecer nuestro compromiso con el medio ambiente.<\/p>\n<p>\u00a1Sin duda un regalo ideal para cualquier ocasi\u00f3n!<\/p>\n<p>Referencia: PW19877<\/p>\n","protected":false},"featured_media":41529,"comment_status":"open","ping_status":"closed","template":"","meta":[],"product_cat":[1032,1045],"product_tag":[225],"class_list":{"0":"post-56521","1":"product","2":"type-product","3":"status-publish","4":"has-post-thumbnail","5":"hentry","6":"product_cat-watches-clocks-es","7":"product_cat-digital-watches-es","8":"product_tag-paw-patrol-es","10":"entry","11":"has-media","12":"owp-thumbs-layout-horizontal","13":"owp-btn-normal","14":"owp-tabs-layout-horizontal","15":"has-product-nav"},"_links":{"self":[{"href":"https:\/\/kidslicensing.com\/es\/wp-json\/wp\/v2\/product\/56521","targetHints":{"allow":["GET"]}}],"collection":[{"href":"https:\/\/kidslicensing.com\/es\/wp-json\/wp\/v2\/product"}],"about":[{"href":"https:\/\/kidslicensing.com\/es\/wp-json\/wp\/v2\/types\/product"}],"replies":[{"embeddable":true,"href":"https:\/\/kidslicensing.com\/es\/wp-json\/wp\/v2\/comments?post=56521"}],"version-history":[{"count":4,"href":"https:\/\/kidslicensing.com\/es\/wp-json\/wp\/v2\/product\/56521\/revisions"}],"predecessor-version":[{"id":59358,"href":"https:\/\/kidslicensing.com\/es\/wp-json\/wp\/v2\/product\/56521\/revisions\/59358"}],"wp:featuredmedia":[{"embeddable":true,"href":"https:\/\/kidslicensing.com\/es\/wp-json\/wp\/v2\/media\/41529"}],"wp:attachment":[{"href":"https:\/\/kidslicensing.com\/es\/wp-json\/wp\/v2\/media?parent=56521"}],"wp:term":[{"taxonomy":"product_cat","embeddable":true,"href":"https:\/\/kidslicensing.com\/es\/wp-json\/wp\/v2\/product_cat?post=56521"},{"taxonomy":"product_tag","embeddable":true,"href":"https:\/\/kidslicensing.com\/es\/wp-json\/wp\/v2\/product_tag?post=56521"}],"curies":[{"name":"wp","href":"https:\/\/api.w.org\/{rel}","templated":true}]}}