{"id":56563,"date":"2022-02-01T10:22:13","date_gmt":"2022-02-01T09:22:13","guid":{"rendered":"https:\/\/kidslicensing.com\/product\/aluminium-water-bottle-with-handle-500-ml-spiderman\/"},"modified":"2022-02-28T06:13:03","modified_gmt":"2022-02-28T05:13:03","slug":"aluminium-water-bottle-with-handle-500-ml-spiderman","status":"publish","type":"product","link":"https:\/\/kidslicensing.com\/es\/shop\/uncategorized\/aluminium-water-bottle-with-handle-500-ml-spiderman\/","title":{"rendered":"CANTIMPLORA DE ALUMINIO CON ASA 500 ML SPIDERMAN"},"content":{"rendered":"","protected":false},"excerpt":{"rendered":"<p>La Cantimplora de Aluminio de Spiderman es ideal para mantener la temperatura \u00f3ptima de las bebidas. Su capacidad es de 500ml, el tama\u00f1o m\u00e1s c\u00f3modo para el d\u00eda a d\u00eda y meter en la mochila del cole. <\/p>\n<p>Adem\u00e1s, incluye un asa para poder llevarla colgada durante excursiones. Su material es 100% libre de toxinas y BPA. Con el bot\u00f3n autom\u00e1tico, los peques podr\u00e1n abrir la cantimplora f\u00e1cilmente. <\/p>\n<p>Referencia: SP16044<\/p>\n","protected":false},"featured_media":42433,"comment_status":"open","ping_status":"closed","template":"","meta":[],"product_cat":[],"product_tag":[],"class_list":{"0":"post-56563","1":"product","2":"type-product","3":"status-publish","4":"has-post-thumbnail","5":"hentry","7":"entry","8":"has-media","9":"owp-thumbs-layout-horizontal","10":"owp-btn-normal","11":"owp-tabs-layout-horizontal","12":"has-product-nav"},"_links":{"self":[{"href":"https:\/\/kidslicensing.com\/es\/wp-json\/wp\/v2\/product\/56563","targetHints":{"allow":["GET"]}}],"collection":[{"href":"https:\/\/kidslicensing.com\/es\/wp-json\/wp\/v2\/product"}],"about":[{"href":"https:\/\/kidslicensing.com\/es\/wp-json\/wp\/v2\/types\/product"}],"replies":[{"embeddable":true,"href":"https:\/\/kidslicensing.com\/es\/wp-json\/wp\/v2\/comments?post=56563"}],"version-history":[{"count":3,"href":"https:\/\/kidslicensing.com\/es\/wp-json\/wp\/v2\/product\/56563\/revisions"}],"predecessor-version":[{"id":59379,"href":"https:\/\/kidslicensing.com\/es\/wp-json\/wp\/v2\/product\/56563\/revisions\/59379"}],"wp:featuredmedia":[{"embeddable":true,"href":"https:\/\/kidslicensing.com\/es\/wp-json\/wp\/v2\/media\/42433"}],"wp:attachment":[{"href":"https:\/\/kidslicensing.com\/es\/wp-json\/wp\/v2\/media?parent=56563"}],"wp:term":[{"taxonomy":"product_cat","embeddable":true,"href":"https:\/\/kidslicensing.com\/es\/wp-json\/wp\/v2\/product_cat?post=56563"},{"taxonomy":"product_tag","embeddable":true,"href":"https:\/\/kidslicensing.com\/es\/wp-json\/wp\/v2\/product_tag?post=56563"}],"curies":[{"name":"wp","href":"https:\/\/api.w.org\/{rel}","templated":true}]}}