{"id":56567,"date":"2022-02-01T10:22:12","date_gmt":"2022-02-01T09:22:12","guid":{"rendered":"https:\/\/kidslicensing.com\/product\/spiderman-2-dustbin\/"},"modified":"2022-02-28T06:13:03","modified_gmt":"2022-02-28T05:13:03","slug":"spiderman-2-dustbin","status":"publish","type":"product","link":"https:\/\/kidslicensing.com\/es\/shop\/stationery-es\/stationery-sets-es\/spiderman-2-dustbin\/","title":{"rendered":"PAPELERA SPIDERMAN 2"},"content":{"rendered":"","protected":false},"excerpt":{"rendered":"<p>Decora tu habitaci\u00f3n con esta Papelera de Spiderman. Es el complemento perfecto para a\u00f1adir en la habitaci\u00f3n o la sala de estudios y juegos. <\/p>\n<p>Tiene una circunferencia de 21cm. <\/p>\n<p>Referencia: MV15980<\/p>\n","protected":false},"featured_media":42169,"comment_status":"open","ping_status":"closed","template":"","meta":[],"product_cat":[947,976],"product_tag":[1049],"class_list":{"0":"post-56567","1":"product","2":"type-product","3":"status-publish","4":"has-post-thumbnail","5":"hentry","6":"product_cat-stationery-es","7":"product_cat-stationery-sets-es","8":"product_tag-spiderman-es","10":"entry","11":"has-media","12":"owp-thumbs-layout-horizontal","13":"owp-btn-normal","14":"owp-tabs-layout-horizontal","15":"has-no-thumbnails","16":"has-product-nav"},"_links":{"self":[{"href":"https:\/\/kidslicensing.com\/es\/wp-json\/wp\/v2\/product\/56567","targetHints":{"allow":["GET"]}}],"collection":[{"href":"https:\/\/kidslicensing.com\/es\/wp-json\/wp\/v2\/product"}],"about":[{"href":"https:\/\/kidslicensing.com\/es\/wp-json\/wp\/v2\/types\/product"}],"replies":[{"embeddable":true,"href":"https:\/\/kidslicensing.com\/es\/wp-json\/wp\/v2\/comments?post=56567"}],"version-history":[{"count":4,"href":"https:\/\/kidslicensing.com\/es\/wp-json\/wp\/v2\/product\/56567\/revisions"}],"predecessor-version":[{"id":59381,"href":"https:\/\/kidslicensing.com\/es\/wp-json\/wp\/v2\/product\/56567\/revisions\/59381"}],"wp:featuredmedia":[{"embeddable":true,"href":"https:\/\/kidslicensing.com\/es\/wp-json\/wp\/v2\/media\/42169"}],"wp:attachment":[{"href":"https:\/\/kidslicensing.com\/es\/wp-json\/wp\/v2\/media?parent=56567"}],"wp:term":[{"taxonomy":"product_cat","embeddable":true,"href":"https:\/\/kidslicensing.com\/es\/wp-json\/wp\/v2\/product_cat?post=56567"},{"taxonomy":"product_tag","embeddable":true,"href":"https:\/\/kidslicensing.com\/es\/wp-json\/wp\/v2\/product_tag?post=56567"}],"curies":[{"name":"wp","href":"https:\/\/api.w.org\/{rel}","templated":true}]}}