{"id":56649,"date":"2022-02-01T10:21:57","date_gmt":"2022-02-01T09:21:57","guid":{"rendered":"https:\/\/kidslicensing.com\/product\/set-pencils-12-colours-minnie\/"},"modified":"2022-02-28T06:13:17","modified_gmt":"2022-02-28T05:13:17","slug":"set-pencils-12-colours-minnie","status":"publish","type":"product","link":"https:\/\/kidslicensing.com\/es\/shop\/stationery-es\/pens-pencils-es\/set-pencils-12-colours-minnie\/","title":{"rendered":"SET LAPICES 12 COLORES MINNIE"},"content":{"rendered":"","protected":false},"excerpt":{"rendered":"<p>Convi\u00e9rtete en un artista con este set de l\u00e1pices de los 12 colores m\u00e1s populares.<\/p>\n<p>Los l\u00e1pices de colores destacan por su incre\u00edble pigmentaci\u00f3n y dise\u00f1o hologr\u00e1fico.<\/p>\n<p>Para completarlo, este set contiene una goma de borrar y un afilador. Perfectos para cualquier estuche.<\/p>\n<p>Referencia: WD21836<\/p>\n","protected":false},"featured_media":40681,"comment_status":"open","ping_status":"closed","template":"","meta":[],"product_cat":[969,947],"product_tag":[218],"class_list":{"0":"post-56649","1":"product","2":"type-product","3":"status-publish","4":"has-post-thumbnail","5":"hentry","6":"product_cat-pens-pencils-es","7":"product_cat-stationery-es","8":"product_tag-minnie-mouse-es","10":"entry","11":"has-media","12":"owp-thumbs-layout-horizontal","13":"owp-btn-normal","14":"owp-tabs-layout-horizontal","15":"has-no-thumbnails","16":"has-product-nav"},"_links":{"self":[{"href":"https:\/\/kidslicensing.com\/es\/wp-json\/wp\/v2\/product\/56649","targetHints":{"allow":["GET"]}}],"collection":[{"href":"https:\/\/kidslicensing.com\/es\/wp-json\/wp\/v2\/product"}],"about":[{"href":"https:\/\/kidslicensing.com\/es\/wp-json\/wp\/v2\/types\/product"}],"replies":[{"embeddable":true,"href":"https:\/\/kidslicensing.com\/es\/wp-json\/wp\/v2\/comments?post=56649"}],"version-history":[{"count":5,"href":"https:\/\/kidslicensing.com\/es\/wp-json\/wp\/v2\/product\/56649\/revisions"}],"predecessor-version":[{"id":59422,"href":"https:\/\/kidslicensing.com\/es\/wp-json\/wp\/v2\/product\/56649\/revisions\/59422"}],"wp:featuredmedia":[{"embeddable":true,"href":"https:\/\/kidslicensing.com\/es\/wp-json\/wp\/v2\/media\/40681"}],"wp:attachment":[{"href":"https:\/\/kidslicensing.com\/es\/wp-json\/wp\/v2\/media?parent=56649"}],"wp:term":[{"taxonomy":"product_cat","embeddable":true,"href":"https:\/\/kidslicensing.com\/es\/wp-json\/wp\/v2\/product_cat?post=56649"},{"taxonomy":"product_tag","embeddable":true,"href":"https:\/\/kidslicensing.com\/es\/wp-json\/wp\/v2\/product_tag?post=56649"}],"curies":[{"name":"wp","href":"https:\/\/api.w.org\/{rel}","templated":true}]}}