{"id":56671,"date":"2022-02-01T10:21:53","date_gmt":"2022-02-01T09:21:53","guid":{"rendered":"https:\/\/kidslicensing.com\/product\/rectangular-lunch-box-with-cutlery-mickey\/"},"modified":"2022-02-28T06:13:18","modified_gmt":"2022-02-28T05:13:18","slug":"rectangular-lunch-box-with-cutlery-mickey","status":"publish","type":"product","link":"https:\/\/kidslicensing.com\/es\/shop\/homeware-es\/lunch-boxes-es\/rectangular-lunch-box-with-cutlery-mickey\/","title":{"rendered":"SANDWICHERA RECTANGULAR CON CUBIERTO MICKEY"},"content":{"rendered":"","protected":false},"excerpt":{"rendered":"<p>Disfruta de la hora de comer con esta sandwichera que mantendr\u00e1 los alimentos en perfecto estado.<\/p>\n<p>Adem\u00e1s, incluye cuberter\u00eda dentro de la sandwichera para completar este set. Peque\u00f1a y compacta, perfecta para esos d\u00edas de picnic. \u00a1No te la puedes perder!<\/p>\n<p>Referencia: MK22067<\/p>\n","protected":false},"featured_media":39929,"comment_status":"open","ping_status":"closed","template":"","meta":[],"product_cat":[878,906],"product_tag":[204],"class_list":{"0":"post-56671","1":"product","2":"type-product","3":"status-publish","4":"has-post-thumbnail","5":"hentry","6":"product_cat-homeware-es","7":"product_cat-lunch-boxes-es","8":"product_tag-mickey-mouse-es","10":"entry","11":"has-media","12":"owp-thumbs-layout-horizontal","13":"owp-btn-normal","14":"owp-tabs-layout-horizontal","15":"has-product-nav"},"_links":{"self":[{"href":"https:\/\/kidslicensing.com\/es\/wp-json\/wp\/v2\/product\/56671","targetHints":{"allow":["GET"]}}],"collection":[{"href":"https:\/\/kidslicensing.com\/es\/wp-json\/wp\/v2\/product"}],"about":[{"href":"https:\/\/kidslicensing.com\/es\/wp-json\/wp\/v2\/types\/product"}],"replies":[{"embeddable":true,"href":"https:\/\/kidslicensing.com\/es\/wp-json\/wp\/v2\/comments?post=56671"}],"version-history":[{"count":5,"href":"https:\/\/kidslicensing.com\/es\/wp-json\/wp\/v2\/product\/56671\/revisions"}],"predecessor-version":[{"id":59430,"href":"https:\/\/kidslicensing.com\/es\/wp-json\/wp\/v2\/product\/56671\/revisions\/59430"}],"wp:featuredmedia":[{"embeddable":true,"href":"https:\/\/kidslicensing.com\/es\/wp-json\/wp\/v2\/media\/39929"}],"wp:attachment":[{"href":"https:\/\/kidslicensing.com\/es\/wp-json\/wp\/v2\/media?parent=56671"}],"wp:term":[{"taxonomy":"product_cat","embeddable":true,"href":"https:\/\/kidslicensing.com\/es\/wp-json\/wp\/v2\/product_cat?post=56671"},{"taxonomy":"product_tag","embeddable":true,"href":"https:\/\/kidslicensing.com\/es\/wp-json\/wp\/v2\/product_tag?post=56671"}],"curies":[{"name":"wp","href":"https:\/\/api.w.org\/{rel}","templated":true}]}}