{"id":56683,"date":"2022-02-01T10:15:57","date_gmt":"2022-02-01T09:15:57","guid":{"rendered":"https:\/\/kidslicensing.com\/product\/watch-in-metal-box-mickey\/"},"modified":"2022-02-28T05:56:29","modified_gmt":"2022-02-28T04:56:29","slug":"watch-in-metal-box-mickey","status":"publish","type":"product","link":"https:\/\/kidslicensing.com\/es\/shop\/watches-clocks-es\/analog-watches-es\/watch-in-metal-box-mickey\/","title":{"rendered":"RELOJ ANALOGICO EN CAJA DE METAL KE03 MICKEY"},"content":{"rendered":"","protected":false},"excerpt":{"rendered":"<p>Descubre el Reloj Anal\u00f3gico en la caja met\u00e1lica de la Patrulla Canina. Gracias a su formato de hora digital, hace f\u00e1cil su lectura e interpretaci\u00f3n para los ni\u00f1os.<\/p>\n<p> Su correa ajustable y perfectamente adaptable a diferente tama\u00f1o de mu\u00f1eca hacen de este producto un regalo estrella para cualquier ocasi\u00f3n. <\/p>\n<p>Referencia: WD22139<\/p>\n","protected":false},"featured_media":40193,"comment_status":"open","ping_status":"closed","template":"","meta":[],"product_cat":[1032,1024],"product_tag":[204],"class_list":{"0":"post-56683","1":"product","2":"type-product","3":"status-publish","4":"has-post-thumbnail","5":"hentry","6":"product_cat-watches-clocks-es","7":"product_cat-analog-watches-es","8":"product_tag-mickey-mouse-es","10":"entry","11":"has-media","12":"owp-thumbs-layout-horizontal","13":"owp-btn-normal","14":"owp-tabs-layout-horizontal","15":"has-product-nav"},"_links":{"self":[{"href":"https:\/\/kidslicensing.com\/es\/wp-json\/wp\/v2\/product\/56683","targetHints":{"allow":["GET"]}}],"collection":[{"href":"https:\/\/kidslicensing.com\/es\/wp-json\/wp\/v2\/product"}],"about":[{"href":"https:\/\/kidslicensing.com\/es\/wp-json\/wp\/v2\/types\/product"}],"replies":[{"embeddable":true,"href":"https:\/\/kidslicensing.com\/es\/wp-json\/wp\/v2\/comments?post=56683"}],"version-history":[{"count":4,"href":"https:\/\/kidslicensing.com\/es\/wp-json\/wp\/v2\/product\/56683\/revisions"}],"predecessor-version":[{"id":59195,"href":"https:\/\/kidslicensing.com\/es\/wp-json\/wp\/v2\/product\/56683\/revisions\/59195"}],"wp:featuredmedia":[{"embeddable":true,"href":"https:\/\/kidslicensing.com\/es\/wp-json\/wp\/v2\/media\/40193"}],"wp:attachment":[{"href":"https:\/\/kidslicensing.com\/es\/wp-json\/wp\/v2\/media?parent=56683"}],"wp:term":[{"taxonomy":"product_cat","embeddable":true,"href":"https:\/\/kidslicensing.com\/es\/wp-json\/wp\/v2\/product_cat?post=56683"},{"taxonomy":"product_tag","embeddable":true,"href":"https:\/\/kidslicensing.com\/es\/wp-json\/wp\/v2\/product_tag?post=56683"}],"curies":[{"name":"wp","href":"https:\/\/api.w.org\/{rel}","templated":true}]}}