{"id":56733,"date":"2022-02-01T10:02:02","date_gmt":"2022-02-01T09:02:02","guid":{"rendered":"https:\/\/kidslicensing.com\/product\/set-pencils-12-colours-frozen-2\/"},"modified":"2022-02-28T06:13:21","modified_gmt":"2022-02-28T05:13:21","slug":"set-pencils-12-colours-frozen-2","status":"publish","type":"product","link":"https:\/\/kidslicensing.com\/es\/shop\/stationery-es\/pens-pencils-es\/set-pencils-12-colours-frozen-2\/","title":{"rendered":"SET LAPICES 12 COLORES FROZEN 2"},"content":{"rendered":"","protected":false},"excerpt":{"rendered":"<p>Convi\u00e9rtete en un artista con este set de l\u00e1pices de los 12 colores m\u00e1s populares. Los l\u00e1pices de colores destacan por su incre\u00edble pigmentaci\u00f3n y dise\u00f1o hologr\u00e1fico. <\/p>\n<p>Para completarlo, este set contiene una goma de borrar y un afilador. Perfectos para cualquier estuche. <\/p>\n<p>Referencia: KL11121<\/p>\n","protected":false},"featured_media":38937,"comment_status":"open","ping_status":"closed","template":"","meta":[],"product_cat":[969,947],"product_tag":[162],"class_list":{"0":"post-56733","1":"product","2":"type-product","3":"status-publish","4":"has-post-thumbnail","5":"hentry","6":"product_cat-pens-pencils-es","7":"product_cat-stationery-es","8":"product_tag-frozen-es","10":"entry","11":"has-media","12":"owp-thumbs-layout-horizontal","13":"owp-btn-normal","14":"owp-tabs-layout-horizontal","15":"has-no-thumbnails","16":"has-product-nav"},"_links":{"self":[{"href":"https:\/\/kidslicensing.com\/es\/wp-json\/wp\/v2\/product\/56733","targetHints":{"allow":["GET"]}}],"collection":[{"href":"https:\/\/kidslicensing.com\/es\/wp-json\/wp\/v2\/product"}],"about":[{"href":"https:\/\/kidslicensing.com\/es\/wp-json\/wp\/v2\/types\/product"}],"replies":[{"embeddable":true,"href":"https:\/\/kidslicensing.com\/es\/wp-json\/wp\/v2\/comments?post=56733"}],"version-history":[{"count":4,"href":"https:\/\/kidslicensing.com\/es\/wp-json\/wp\/v2\/product\/56733\/revisions"}],"predecessor-version":[{"id":59449,"href":"https:\/\/kidslicensing.com\/es\/wp-json\/wp\/v2\/product\/56733\/revisions\/59449"}],"wp:featuredmedia":[{"embeddable":true,"href":"https:\/\/kidslicensing.com\/es\/wp-json\/wp\/v2\/media\/38937"}],"wp:attachment":[{"href":"https:\/\/kidslicensing.com\/es\/wp-json\/wp\/v2\/media?parent=56733"}],"wp:term":[{"taxonomy":"product_cat","embeddable":true,"href":"https:\/\/kidslicensing.com\/es\/wp-json\/wp\/v2\/product_cat?post=56733"},{"taxonomy":"product_tag","embeddable":true,"href":"https:\/\/kidslicensing.com\/es\/wp-json\/wp\/v2\/product_tag?post=56733"}],"curies":[{"name":"wp","href":"https:\/\/api.w.org\/{rel}","templated":true}]}}