{"id":56743,"date":"2022-02-01T10:02:00","date_gmt":"2022-02-01T09:02:00","guid":{"rendered":"https:\/\/kidslicensing.com\/product\/frozen-2-pencil-case-22cm\/"},"modified":"2022-02-28T06:13:22","modified_gmt":"2022-02-28T05:13:22","slug":"frozen-2-pencil-case-22cm","status":"publish","type":"product","link":"https:\/\/kidslicensing.com\/es\/shop\/bags-backpacks-es\/pencil-cases-es\/frozen-2-pencil-case-22cm\/","title":{"rendered":"ESTUCHE 22CM FROZEN 2"},"content":{"rendered":"","protected":false},"excerpt":{"rendered":"<p>Estuche porta todo de Frozen perfecto para la vuelta al cole. <\/p>\n<p>Guarda todos tus art\u00edculos de papeler\u00eda con estilo. Tama\u00f1o 24x7x7cm.<\/p>\n<p> Referencia: FR30006<\/p>\n","protected":false},"featured_media":38697,"comment_status":"open","ping_status":"closed","template":"","meta":[],"product_cat":[794,815],"product_tag":[162],"class_list":{"0":"post-56743","1":"product","2":"type-product","3":"status-publish","4":"has-post-thumbnail","5":"hentry","6":"product_cat-bags-backpacks-es","7":"product_cat-pencil-cases-es","8":"product_tag-frozen-es","10":"entry","11":"has-media","12":"owp-thumbs-layout-horizontal","13":"owp-btn-normal","14":"owp-tabs-layout-horizontal","15":"has-no-thumbnails","16":"has-product-nav"},"_links":{"self":[{"href":"https:\/\/kidslicensing.com\/es\/wp-json\/wp\/v2\/product\/56743","targetHints":{"allow":["GET"]}}],"collection":[{"href":"https:\/\/kidslicensing.com\/es\/wp-json\/wp\/v2\/product"}],"about":[{"href":"https:\/\/kidslicensing.com\/es\/wp-json\/wp\/v2\/types\/product"}],"replies":[{"embeddable":true,"href":"https:\/\/kidslicensing.com\/es\/wp-json\/wp\/v2\/comments?post=56743"}],"version-history":[{"count":3,"href":"https:\/\/kidslicensing.com\/es\/wp-json\/wp\/v2\/product\/56743\/revisions"}],"predecessor-version":[{"id":59454,"href":"https:\/\/kidslicensing.com\/es\/wp-json\/wp\/v2\/product\/56743\/revisions\/59454"}],"wp:featuredmedia":[{"embeddable":true,"href":"https:\/\/kidslicensing.com\/es\/wp-json\/wp\/v2\/media\/38697"}],"wp:attachment":[{"href":"https:\/\/kidslicensing.com\/es\/wp-json\/wp\/v2\/media?parent=56743"}],"wp:term":[{"taxonomy":"product_cat","embeddable":true,"href":"https:\/\/kidslicensing.com\/es\/wp-json\/wp\/v2\/product_cat?post=56743"},{"taxonomy":"product_tag","embeddable":true,"href":"https:\/\/kidslicensing.com\/es\/wp-json\/wp\/v2\/product_tag?post=56743"}],"curies":[{"name":"wp","href":"https:\/\/api.w.org\/{rel}","templated":true}]}}