{"id":56753,"date":"2022-02-01T10:01:58","date_gmt":"2022-02-01T09:01:58","guid":{"rendered":"https:\/\/kidslicensing.com\/product\/watch-in-metal-box-frozen\/"},"modified":"2022-02-28T06:13:22","modified_gmt":"2022-02-28T05:13:22","slug":"watch-in-metal-box-frozen","status":"publish","type":"product","link":"https:\/\/kidslicensing.com\/es\/shop\/watches-clocks-es\/analog-watches-es\/watch-in-metal-box-frozen\/","title":{"rendered":"RELOJ ANALOGICO EN CAJA DE METAL KE03 FROZEN 2"},"content":{"rendered":"","protected":false},"excerpt":{"rendered":"<p>Descubre el Reloj Anal\u00f3gico en la caja met\u00e1lica de Frozen Disney de tonos azules y morados con la imagen de Anna y Elsa.<\/p>\n<p>Gracias a su formato de hora digital, hace f\u00e1cil su lectura e interpretaci\u00f3n para los ni\u00f1os Su correa ajustable y perfectamente adaptable a diferente tama\u00f1o de mu\u00f1eca hacen de este producto un regalo estrella para cualquier ocasi\u00f3n.<\/p>\n<p>Referencia: WD22137<\/p>\n","protected":false},"featured_media":84626,"comment_status":"open","ping_status":"closed","template":"","meta":[],"product_cat":[1032,1024],"product_tag":[162],"class_list":{"0":"post-56753","1":"product","2":"type-product","3":"status-publish","4":"has-post-thumbnail","5":"hentry","6":"product_cat-watches-clocks-es","7":"product_cat-analog-watches-es","8":"product_tag-frozen-es","10":"entry","11":"has-media","12":"owp-thumbs-layout-horizontal","13":"owp-btn-normal","14":"owp-tabs-layout-horizontal","15":"has-product-nav"},"_links":{"self":[{"href":"https:\/\/kidslicensing.com\/es\/wp-json\/wp\/v2\/product\/56753","targetHints":{"allow":["GET"]}}],"collection":[{"href":"https:\/\/kidslicensing.com\/es\/wp-json\/wp\/v2\/product"}],"about":[{"href":"https:\/\/kidslicensing.com\/es\/wp-json\/wp\/v2\/types\/product"}],"replies":[{"embeddable":true,"href":"https:\/\/kidslicensing.com\/es\/wp-json\/wp\/v2\/comments?post=56753"}],"version-history":[{"count":5,"href":"https:\/\/kidslicensing.com\/es\/wp-json\/wp\/v2\/product\/56753\/revisions"}],"predecessor-version":[{"id":59459,"href":"https:\/\/kidslicensing.com\/es\/wp-json\/wp\/v2\/product\/56753\/revisions\/59459"}],"wp:featuredmedia":[{"embeddable":true,"href":"https:\/\/kidslicensing.com\/es\/wp-json\/wp\/v2\/media\/84626"}],"wp:attachment":[{"href":"https:\/\/kidslicensing.com\/es\/wp-json\/wp\/v2\/media?parent=56753"}],"wp:term":[{"taxonomy":"product_cat","embeddable":true,"href":"https:\/\/kidslicensing.com\/es\/wp-json\/wp\/v2\/product_cat?post=56753"},{"taxonomy":"product_tag","embeddable":true,"href":"https:\/\/kidslicensing.com\/es\/wp-json\/wp\/v2\/product_tag?post=56753"}],"curies":[{"name":"wp","href":"https:\/\/api.w.org\/{rel}","templated":true}]}}