{"id":56759,"date":"2021-08-03T16:17:49","date_gmt":"2021-08-03T14:17:49","guid":{"rendered":"https:\/\/kidslicensing.com\/product\/headphones-sweet-dreams-3-ass\/"},"modified":"2022-02-28T05:56:32","modified_gmt":"2022-02-28T04:56:32","slug":"headphones-sweet-dreams-3-ass","status":"publish","type":"product","link":"https:\/\/kidslicensing.com\/es\/shop\/toys-es\/electronics-toys-es\/headphones-sweet-dreams-3-ass\/","title":{"rendered":"AURICULARES SWEET DREAMS 3 SURT"},"content":{"rendered":"","protected":false},"excerpt":{"rendered":"<p>Sum\u00e9rgete en tu propio mundo de fantas\u00edas con los Auriculares con tem\u00e1tica de&nbsp; Unicornio \u2018Sweet Dreams\u2019. Lucir\u00e1s un dise\u00f1o de lo m\u00e1s original.<\/p>\n<p>Los cascos est\u00e1n fabricados con unos discos acolchados para conseguir m\u00e1xima comodidad para tus o\u00eddos. <\/p>\n<p>Simplemente conectando los cascos a tu m\u00f3vil tableta PC mediante su cable standard de 3.5mm podr\u00e1s escuchar tus canciones favoritas o esa serie que te encanta.<\/p>\n<p>Referencia: KL10873<\/p>\n","protected":false},"featured_media":6116,"comment_status":"open","ping_status":"closed","template":"","meta":[],"product_cat":[997,989],"product_tag":[1050],"class_list":{"0":"post-56759","1":"product","2":"type-product","3":"status-publish","4":"has-post-thumbnail","5":"hentry","6":"product_cat-electronics-toys-es","7":"product_cat-toys-es","8":"product_tag-sweet-dreams-es","10":"entry","11":"has-media","12":"owp-thumbs-layout-horizontal","13":"owp-btn-normal","14":"owp-tabs-layout-horizontal","15":"has-product-nav"},"_links":{"self":[{"href":"https:\/\/kidslicensing.com\/es\/wp-json\/wp\/v2\/product\/56759","targetHints":{"allow":["GET"]}}],"collection":[{"href":"https:\/\/kidslicensing.com\/es\/wp-json\/wp\/v2\/product"}],"about":[{"href":"https:\/\/kidslicensing.com\/es\/wp-json\/wp\/v2\/types\/product"}],"replies":[{"embeddable":true,"href":"https:\/\/kidslicensing.com\/es\/wp-json\/wp\/v2\/comments?post=56759"}],"version-history":[{"count":3,"href":"https:\/\/kidslicensing.com\/es\/wp-json\/wp\/v2\/product\/56759\/revisions"}],"predecessor-version":[{"id":59214,"href":"https:\/\/kidslicensing.com\/es\/wp-json\/wp\/v2\/product\/56759\/revisions\/59214"}],"wp:featuredmedia":[{"embeddable":true,"href":"https:\/\/kidslicensing.com\/es\/wp-json\/wp\/v2\/media\/6116"}],"wp:attachment":[{"href":"https:\/\/kidslicensing.com\/es\/wp-json\/wp\/v2\/media?parent=56759"}],"wp:term":[{"taxonomy":"product_cat","embeddable":true,"href":"https:\/\/kidslicensing.com\/es\/wp-json\/wp\/v2\/product_cat?post=56759"},{"taxonomy":"product_tag","embeddable":true,"href":"https:\/\/kidslicensing.com\/es\/wp-json\/wp\/v2\/product_tag?post=56759"}],"curies":[{"name":"wp","href":"https:\/\/api.w.org\/{rel}","templated":true}]}}