{"id":56799,"date":"2021-08-03T16:17:46","date_gmt":"2021-08-03T14:17:46","guid":{"rendered":"https:\/\/kidslicensing.com\/product\/analog-watch-in-metal-box-peppa-pig\/"},"modified":"2022-02-28T05:56:34","modified_gmt":"2022-02-28T04:56:34","slug":"analog-watch-in-metal-box-peppa-pig","status":"publish","type":"product","link":"https:\/\/kidslicensing.com\/es\/shop\/watches-clocks-es\/analog-watches-es\/analog-watch-in-metal-box-peppa-pig\/","title":{"rendered":"RELOJ ANALOGICO EN CAJA DE METAL PEPPA\u00a0 PIG"},"content":{"rendered":"","protected":false},"excerpt":{"rendered":"<p>Reloj anal\u00f3gico Peppa Pig empaquetado en una caja cil\u00edndrica con un dise\u00f1o exclusivo. Ideal para cualquier ocasi\u00f3n de regalo.<\/p>\n<p>Tama\u00f1o de la caja del reloj: 30mm<\/p>\n<p>*ADVERTENCIA* No recomendado para ni\u00f1os menores de 36 meses. Peligro de asfixia. Contiene piezas peque\u00f1as.<\/p>\n<p>Referencia: PP17021<\/p>\n","protected":false},"featured_media":7684,"comment_status":"open","ping_status":"closed","template":"","meta":[],"product_cat":[1032,1024],"product_tag":[232],"class_list":{"0":"post-56799","1":"product","2":"type-product","3":"status-publish","4":"has-post-thumbnail","5":"hentry","6":"product_cat-watches-clocks-es","7":"product_cat-analog-watches-es","8":"product_tag-peppa-pig-es","10":"entry","11":"has-media","12":"owp-thumbs-layout-horizontal","13":"owp-btn-normal","14":"owp-tabs-layout-horizontal","15":"has-product-nav"},"_links":{"self":[{"href":"https:\/\/kidslicensing.com\/es\/wp-json\/wp\/v2\/product\/56799","targetHints":{"allow":["GET"]}}],"collection":[{"href":"https:\/\/kidslicensing.com\/es\/wp-json\/wp\/v2\/product"}],"about":[{"href":"https:\/\/kidslicensing.com\/es\/wp-json\/wp\/v2\/types\/product"}],"replies":[{"embeddable":true,"href":"https:\/\/kidslicensing.com\/es\/wp-json\/wp\/v2\/comments?post=56799"}],"version-history":[{"count":3,"href":"https:\/\/kidslicensing.com\/es\/wp-json\/wp\/v2\/product\/56799\/revisions"}],"predecessor-version":[{"id":59233,"href":"https:\/\/kidslicensing.com\/es\/wp-json\/wp\/v2\/product\/56799\/revisions\/59233"}],"wp:featuredmedia":[{"embeddable":true,"href":"https:\/\/kidslicensing.com\/es\/wp-json\/wp\/v2\/media\/7684"}],"wp:attachment":[{"href":"https:\/\/kidslicensing.com\/es\/wp-json\/wp\/v2\/media?parent=56799"}],"wp:term":[{"taxonomy":"product_cat","embeddable":true,"href":"https:\/\/kidslicensing.com\/es\/wp-json\/wp\/v2\/product_cat?post=56799"},{"taxonomy":"product_tag","embeddable":true,"href":"https:\/\/kidslicensing.com\/es\/wp-json\/wp\/v2\/product_tag?post=56799"}],"curies":[{"name":"wp","href":"https:\/\/api.w.org\/{rel}","templated":true}]}}