{"id":56825,"date":"2021-08-03T16:17:44","date_gmt":"2021-08-03T14:17:44","guid":{"rendered":"https:\/\/kidslicensing.com\/product\/digital-watch-ke02-peppa-pig\/"},"modified":"2022-02-28T05:56:36","modified_gmt":"2022-02-28T04:56:36","slug":"digital-watch-ke02-peppa-pig","status":"publish","type":"product","link":"https:\/\/kidslicensing.com\/es\/shop\/watches-clocks-es\/digital-watches-es\/digital-watch-ke02-peppa-pig\/","title":{"rendered":"RELOJ DIGITAL KE02 PEPPA PIG"},"content":{"rendered":"","protected":false},"excerpt":{"rendered":"<p>Reloj digital Peppa Pig que muestra la fecha y la hora en formato digital. Tama\u00f1o de la caja del reloj: 36 mm.<\/p>\n<p>Perfecto para ni\u00f1os mayores de 3 a\u00f1os ya que sus correas ajustables se adaptan a cualquier tama\u00f1o de mu\u00f1eca.<\/p>\n<p>\u00a1Un regalo ideal para cualquier ocasi\u00f3n!<\/p>\n<p><\/p>\n<p>Referencia: PP17018<\/p>\n","protected":false},"featured_media":7660,"comment_status":"open","ping_status":"closed","template":"","meta":[],"product_cat":[1032,1045],"product_tag":[232],"class_list":{"0":"post-56825","1":"product","2":"type-product","3":"status-publish","4":"has-post-thumbnail","5":"hentry","6":"product_cat-watches-clocks-es","7":"product_cat-digital-watches-es","8":"product_tag-peppa-pig-es","10":"entry","11":"has-media","12":"owp-thumbs-layout-horizontal","13":"owp-btn-normal","14":"owp-tabs-layout-horizontal","15":"has-product-nav"},"_links":{"self":[{"href":"https:\/\/kidslicensing.com\/es\/wp-json\/wp\/v2\/product\/56825","targetHints":{"allow":["GET"]}}],"collection":[{"href":"https:\/\/kidslicensing.com\/es\/wp-json\/wp\/v2\/product"}],"about":[{"href":"https:\/\/kidslicensing.com\/es\/wp-json\/wp\/v2\/types\/product"}],"replies":[{"embeddable":true,"href":"https:\/\/kidslicensing.com\/es\/wp-json\/wp\/v2\/comments?post=56825"}],"version-history":[{"count":3,"href":"https:\/\/kidslicensing.com\/es\/wp-json\/wp\/v2\/product\/56825\/revisions"}],"predecessor-version":[{"id":59246,"href":"https:\/\/kidslicensing.com\/es\/wp-json\/wp\/v2\/product\/56825\/revisions\/59246"}],"wp:featuredmedia":[{"embeddable":true,"href":"https:\/\/kidslicensing.com\/es\/wp-json\/wp\/v2\/media\/7660"}],"wp:attachment":[{"href":"https:\/\/kidslicensing.com\/es\/wp-json\/wp\/v2\/media?parent=56825"}],"wp:term":[{"taxonomy":"product_cat","embeddable":true,"href":"https:\/\/kidslicensing.com\/es\/wp-json\/wp\/v2\/product_cat?post=56825"},{"taxonomy":"product_tag","embeddable":true,"href":"https:\/\/kidslicensing.com\/es\/wp-json\/wp\/v2\/product_tag?post=56825"}],"curies":[{"name":"wp","href":"https:\/\/api.w.org\/{rel}","templated":true}]}}