{"id":56839,"date":"2021-08-03T16:17:43","date_gmt":"2021-08-03T14:17:43","guid":{"rendered":"https:\/\/kidslicensing.com\/product\/wall-clock-lol\/"},"modified":"2022-02-28T05:56:37","modified_gmt":"2022-02-28T04:56:37","slug":"wall-clock-lol","status":"publish","type":"product","link":"https:\/\/kidslicensing.com\/es\/shop\/watches-clocks-es\/clocks-es\/wall-clock-lol\/","title":{"rendered":"RELOJ DE PARED LOL"},"content":{"rendered":"","protected":false},"excerpt":{"rendered":"<p>El Reloj Anal\u00f3gico de pared LOL Surprise es ideal para exponerlo en cualquier<br \/>lugar. Su di\u00e1metro de 25 cm es el tama\u00f1o perfecto para ver la hora f\u00e1cilmente. Ideal para que los ni\u00f1os aprendan a leer la hora.De f\u00e1cil instalaci\u00f3n y funcionamiento funciona con pilas AA. El sonido del tictac de la hora es m\u00ednimo para permitir un espacio tranquilo.&nbsp;<\/p>\n<p>Referencia: LOL21021<\/p>\n","protected":false},"featured_media":6540,"comment_status":"open","ping_status":"closed","template":"","meta":[],"product_cat":[1032,1039],"product_tag":[190],"class_list":{"0":"post-56839","1":"product","2":"type-product","3":"status-publish","4":"has-post-thumbnail","5":"hentry","6":"product_cat-watches-clocks-es","7":"product_cat-clocks-es","8":"product_tag-lol-es","10":"entry","11":"has-media","12":"owp-thumbs-layout-horizontal","13":"owp-btn-normal","14":"owp-tabs-layout-horizontal","15":"has-product-nav"},"_links":{"self":[{"href":"https:\/\/kidslicensing.com\/es\/wp-json\/wp\/v2\/product\/56839","targetHints":{"allow":["GET"]}}],"collection":[{"href":"https:\/\/kidslicensing.com\/es\/wp-json\/wp\/v2\/product"}],"about":[{"href":"https:\/\/kidslicensing.com\/es\/wp-json\/wp\/v2\/types\/product"}],"replies":[{"embeddable":true,"href":"https:\/\/kidslicensing.com\/es\/wp-json\/wp\/v2\/comments?post=56839"}],"version-history":[{"count":4,"href":"https:\/\/kidslicensing.com\/es\/wp-json\/wp\/v2\/product\/56839\/revisions"}],"predecessor-version":[{"id":59253,"href":"https:\/\/kidslicensing.com\/es\/wp-json\/wp\/v2\/product\/56839\/revisions\/59253"}],"wp:featuredmedia":[{"embeddable":true,"href":"https:\/\/kidslicensing.com\/es\/wp-json\/wp\/v2\/media\/6540"}],"wp:attachment":[{"href":"https:\/\/kidslicensing.com\/es\/wp-json\/wp\/v2\/media?parent=56839"}],"wp:term":[{"taxonomy":"product_cat","embeddable":true,"href":"https:\/\/kidslicensing.com\/es\/wp-json\/wp\/v2\/product_cat?post=56839"},{"taxonomy":"product_tag","embeddable":true,"href":"https:\/\/kidslicensing.com\/es\/wp-json\/wp\/v2\/product_tag?post=56839"}],"curies":[{"name":"wp","href":"https:\/\/api.w.org\/{rel}","templated":true}]}}