{"id":56891,"date":"2021-08-03T16:17:36","date_gmt":"2021-08-03T14:17:36","guid":{"rendered":"https:\/\/kidslicensing.com\/product\/unicorn-stationery-set\/"},"modified":"2022-02-28T05:56:49","modified_gmt":"2022-02-28T04:56:49","slug":"unicorn-stationery-set","status":"publish","type":"product","link":"https:\/\/kidslicensing.com\/es\/shop\/stationery-es\/stationery-sets-es\/unicorn-stationery-set\/","title":{"rendered":"UNICORNIO SET DE PAPELERIA"},"content":{"rendered":"","protected":false},"excerpt":{"rendered":"<p>Dise\u00f1ado para caber en cualquier estuche est\u00e1ndar este set con tem\u00e1tica Unicornio contiene todo lo esencial para la temporada de vuelta al cole.<\/p>\n<p>El set incluye:<\/p>\n<ul>\n<li>1 x Cuaderno A5 de rayas en Espiral<\/li>\n<li>1 x Goma de borrar<\/li>\n<li>1 x L\u00e1piz<\/li>\n<li>1 x Regla<\/li>\n<li>1 x Sacapuntas<\/li>\n<\/ul>\n<p>\u00bfEst\u00e1s listo para ser creativo?<\/p>\n<p>Referencia: KL10856<\/p>\n","protected":false},"featured_media":11034,"comment_status":"open","ping_status":"closed","template":"","meta":[],"product_cat":[947,976],"product_tag":[1047],"class_list":{"0":"post-56891","1":"product","2":"type-product","3":"status-publish","4":"has-post-thumbnail","5":"hentry","6":"product_cat-stationery-es","7":"product_cat-stationery-sets-es","8":"product_tag-you-are-special-es","10":"entry","11":"has-media","12":"owp-thumbs-layout-horizontal","13":"owp-btn-normal","14":"owp-tabs-layout-horizontal","15":"has-no-thumbnails","16":"has-product-nav"},"_links":{"self":[{"href":"https:\/\/kidslicensing.com\/es\/wp-json\/wp\/v2\/product\/56891","targetHints":{"allow":["GET"]}}],"collection":[{"href":"https:\/\/kidslicensing.com\/es\/wp-json\/wp\/v2\/product"}],"about":[{"href":"https:\/\/kidslicensing.com\/es\/wp-json\/wp\/v2\/types\/product"}],"replies":[{"embeddable":true,"href":"https:\/\/kidslicensing.com\/es\/wp-json\/wp\/v2\/comments?post=56891"}],"version-history":[{"count":4,"href":"https:\/\/kidslicensing.com\/es\/wp-json\/wp\/v2\/product\/56891\/revisions"}],"predecessor-version":[{"id":59275,"href":"https:\/\/kidslicensing.com\/es\/wp-json\/wp\/v2\/product\/56891\/revisions\/59275"}],"wp:featuredmedia":[{"embeddable":true,"href":"https:\/\/kidslicensing.com\/es\/wp-json\/wp\/v2\/media\/11034"}],"wp:attachment":[{"href":"https:\/\/kidslicensing.com\/es\/wp-json\/wp\/v2\/media?parent=56891"}],"wp:term":[{"taxonomy":"product_cat","embeddable":true,"href":"https:\/\/kidslicensing.com\/es\/wp-json\/wp\/v2\/product_cat?post=56891"},{"taxonomy":"product_tag","embeddable":true,"href":"https:\/\/kidslicensing.com\/es\/wp-json\/wp\/v2\/product_tag?post=56891"}],"curies":[{"name":"wp","href":"https:\/\/api.w.org\/{rel}","templated":true}]}}