{"id":56909,"date":"2021-08-03T16:17:35","date_gmt":"2021-08-03T14:17:35","guid":{"rendered":"https:\/\/kidslicensing.com\/product\/magic-ink-activiy-set-sweet-dreams-in-cdu\/"},"modified":"2022-02-28T05:56:50","modified_gmt":"2022-02-28T04:56:50","slug":"magic-ink-activiy-set-sweet-dreams-in-cdu","status":"publish","type":"product","link":"https:\/\/kidslicensing.com\/es\/shop\/stationery-es\/stationery-sets-es\/magic-ink-activiy-set-sweet-dreams-in-cdu\/","title":{"rendered":"SET ESCRITURA TINTA M\u00c1GICA SWEET DREAMS\u00a0 EN CDU16.5*25.4CM"},"content":{"rendered":"","protected":false},"excerpt":{"rendered":"<p>Deja que la magia ocurra con este set de bol\u00edgrafos de tinta m\u00e1gica &#8216;Sweet Dreams&#8217;.<\/p>\n<p> Este kit de espiral cuenta con 24 p\u00e1ginas de encantadoras ilustraciones de unicornios en blanco y negro.<\/p>\n<p>\u00bfPero \u00bfd\u00f3nde est\u00e1 el color? \u00a1El bol\u00edgrafo m\u00e1gico viene al rescate! Basta con colorear las p\u00e1ginas para revelar incre\u00edbles dise\u00f1os.<\/p>\n<p>Es ideal para viajar<\/p>\n","protected":false},"featured_media":6172,"comment_status":"open","ping_status":"closed","template":"","meta":[],"product_cat":[947,976],"product_tag":[1050],"class_list":{"0":"post-56909","1":"product","2":"type-product","3":"status-publish","4":"has-post-thumbnail","5":"hentry","6":"product_cat-stationery-es","7":"product_cat-stationery-sets-es","8":"product_tag-sweet-dreams-es","10":"entry","11":"has-media","12":"owp-thumbs-layout-horizontal","13":"owp-btn-normal","14":"owp-tabs-layout-horizontal","15":"has-product-nav"},"_links":{"self":[{"href":"https:\/\/kidslicensing.com\/es\/wp-json\/wp\/v2\/product\/56909","targetHints":{"allow":["GET"]}}],"collection":[{"href":"https:\/\/kidslicensing.com\/es\/wp-json\/wp\/v2\/product"}],"about":[{"href":"https:\/\/kidslicensing.com\/es\/wp-json\/wp\/v2\/types\/product"}],"replies":[{"embeddable":true,"href":"https:\/\/kidslicensing.com\/es\/wp-json\/wp\/v2\/comments?post=56909"}],"version-history":[{"count":4,"href":"https:\/\/kidslicensing.com\/es\/wp-json\/wp\/v2\/product\/56909\/revisions"}],"predecessor-version":[{"id":59284,"href":"https:\/\/kidslicensing.com\/es\/wp-json\/wp\/v2\/product\/56909\/revisions\/59284"}],"wp:featuredmedia":[{"embeddable":true,"href":"https:\/\/kidslicensing.com\/es\/wp-json\/wp\/v2\/media\/6172"}],"wp:attachment":[{"href":"https:\/\/kidslicensing.com\/es\/wp-json\/wp\/v2\/media?parent=56909"}],"wp:term":[{"taxonomy":"product_cat","embeddable":true,"href":"https:\/\/kidslicensing.com\/es\/wp-json\/wp\/v2\/product_cat?post=56909"},{"taxonomy":"product_tag","embeddable":true,"href":"https:\/\/kidslicensing.com\/es\/wp-json\/wp\/v2\/product_tag?post=56909"}],"curies":[{"name":"wp","href":"https:\/\/api.w.org\/{rel}","templated":true}]}}