{"id":56911,"date":"2021-08-03T16:17:35","date_gmt":"2021-08-03T14:17:35","guid":{"rendered":"https:\/\/kidslicensing.com\/product\/stationery-set-mistery-ink-paw-patrol\/"},"modified":"2022-02-28T05:56:50","modified_gmt":"2022-02-28T04:56:50","slug":"stationery-set-mistery-ink-paw-patrol","status":"publish","type":"product","link":"https:\/\/kidslicensing.com\/es\/shop\/stationery-es\/stationery-sets-es\/stationery-set-mistery-ink-paw-patrol\/","title":{"rendered":"SET DE PAPELERIA TINTAM\u00c1GICA PAW PATROL"},"content":{"rendered":"","protected":false},"excerpt":{"rendered":"<p>Deja que la magia ocurra con este set de bol\u00edgrafos de tinta m\u00e1gica de la Paw Patrol. Este kit en espiral cuenta con 24 p\u00e1ginas de encantadoras ilustraciones de los personajes en blanco y negro.\u00bfPero d\u00f3nde est\u00e1 el color?<\/p>\n<p>El bol\u00edgrafo m\u00e1gico viene al rescate! S\u00f3lo tienes que colorear las p\u00e1ginas para revelar incre\u00edbles dise\u00f1os.<\/p>\n<p>Es ideal para viajar.<\/p>\n","protected":false},"featured_media":8212,"comment_status":"open","ping_status":"closed","template":"","meta":[],"product_cat":[947,976],"product_tag":[225],"class_list":{"0":"post-56911","1":"product","2":"type-product","3":"status-publish","4":"has-post-thumbnail","5":"hentry","6":"product_cat-stationery-es","7":"product_cat-stationery-sets-es","8":"product_tag-paw-patrol-es","10":"entry","11":"has-media","12":"owp-thumbs-layout-horizontal","13":"owp-btn-normal","14":"owp-tabs-layout-horizontal","15":"has-product-nav"},"_links":{"self":[{"href":"https:\/\/kidslicensing.com\/es\/wp-json\/wp\/v2\/product\/56911","targetHints":{"allow":["GET"]}}],"collection":[{"href":"https:\/\/kidslicensing.com\/es\/wp-json\/wp\/v2\/product"}],"about":[{"href":"https:\/\/kidslicensing.com\/es\/wp-json\/wp\/v2\/types\/product"}],"replies":[{"embeddable":true,"href":"https:\/\/kidslicensing.com\/es\/wp-json\/wp\/v2\/comments?post=56911"}],"version-history":[{"count":4,"href":"https:\/\/kidslicensing.com\/es\/wp-json\/wp\/v2\/product\/56911\/revisions"}],"predecessor-version":[{"id":59285,"href":"https:\/\/kidslicensing.com\/es\/wp-json\/wp\/v2\/product\/56911\/revisions\/59285"}],"wp:featuredmedia":[{"embeddable":true,"href":"https:\/\/kidslicensing.com\/es\/wp-json\/wp\/v2\/media\/8212"}],"wp:attachment":[{"href":"https:\/\/kidslicensing.com\/es\/wp-json\/wp\/v2\/media?parent=56911"}],"wp:term":[{"taxonomy":"product_cat","embeddable":true,"href":"https:\/\/kidslicensing.com\/es\/wp-json\/wp\/v2\/product_cat?post=56911"},{"taxonomy":"product_tag","embeddable":true,"href":"https:\/\/kidslicensing.com\/es\/wp-json\/wp\/v2\/product_tag?post=56911"}],"curies":[{"name":"wp","href":"https:\/\/api.w.org\/{rel}","templated":true}]}}